{"id":15398,"date":"2020-09-23T14:23:22","date_gmt":"2020-09-23T14:23:22","guid":{"rendered":"https:\/\/evotek.md\/?post_type=product&#038;p=15398"},"modified":"2020-09-23T14:23:36","modified_gmt":"2020-09-23T14:23:36","slug":"hota-de-perete-cu-filtre-emp-ddvld-1095","status":"publish","type":"product","link":"https:\/\/evotek.md\/ro\/produse\/mobila-din-inox\/hote-din-inox\/hota-de-perete-cu-filtre-emp-ddvld-1095\/","title":{"rendered":"HOT\u0102 DE PERETE CU FILTRE -EMP.DDVLD.1095"},"content":{"rendered":"<p><strong>HOT\u0102 DE PERETE CU FILTRE &#8211;<\/strong><em><strong>EMP.DDVLD.1095- <\/strong><\/em>purific\u0103 \u00een mod eficient aerul, saturat de aromele de pr\u0103jit, a garniturii de usturoi \u0219i copturilor. Aceasta este capabil\u0103 s\u0103 \u00eendep\u0103rteze rapid mirosul din interior, \u00eempiedic\u00e2nd r\u0103sp\u00e2ndirea acestuia.<\/p>\n<p>Caracteristici<\/p>\n<p>Parametri mm: 1000x900x400<\/p>\n<p>Filtre: 1 Filtru<\/p>\n<p>&nbsp;<\/p>\n","protected":false},"excerpt":{"rendered":"<p>Hote cu filtre de tip central, cu diferite dimensiuni. Parametri mm: 1000x900x400; Filtre: 1 Filtru<\/p>\n","protected":false},"featured_media":15364,"template":"","meta":[],"_links":{"self":[{"href":"https:\/\/evotek.md\/ro\/wp-json\/wp\/v2\/product\/15398"}],"collection":[{"href":"https:\/\/evotek.md\/ro\/wp-json\/wp\/v2\/product"}],"about":[{"href":"https:\/\/evotek.md\/ro\/wp-json\/wp\/v2\/types\/product"}],"wp:featuredmedia":[{"embeddable":true,"href":"https:\/\/evotek.md\/ro\/wp-json\/wp\/v2\/media\/15364"}],"wp:attachment":[{"href":"https:\/\/evotek.md\/ro\/wp-json\/wp\/v2\/media?parent=15398"}],"curies":[{"name":"wp","href":"https:\/\/api.w.org\/{rel}","templated":true}]}}