{"id":15396,"date":"2020-09-23T14:13:44","date_gmt":"2020-09-23T14:13:44","guid":{"rendered":"https:\/\/evotek.md\/?post_type=product&#038;p=15396"},"modified":"2020-09-23T14:13:44","modified_gmt":"2020-09-23T14:13:44","slug":"hota-de-perete-cu-8-filtre-emp-ddvld-5094","status":"publish","type":"product","link":"https:\/\/evotek.md\/ro\/produse\/mobila-din-inox\/hote-din-inox\/hota-de-perete-cu-8-filtre-emp-ddvld-5094\/","title":{"rendered":"HOT\u0102 DE PERETE CU 8 FILTRE -EMP.DDVLD.5094"},"content":{"rendered":"<p><strong>HOT\u0102 DE PERETE CU 8 FILTRE -EMP.DDVLD.5094-<\/strong> purific\u0103 \u00een mod eficient aerul, saturat de aromele de pr\u0103jit, a garniturii de usturoi \u0219i copturilor. Aceasta este capabil\u0103 s\u0103 \u00eendep\u0103rteze rapid mirosul din interior, \u00eempiedic\u00e2nd r\u0103sp\u00e2ndirea acestuia.<\/p>\n<p>Caracteristici<\/p>\n<p>Parametri mm: 5000x900x400<\/p>\n<p>Filtre: 8 Filtru<\/p>\n","protected":false},"excerpt":{"rendered":"<p>Hote cu filtre de tip central, cu diferite dimensiuni. Parametri mm: 5000x900x400; Filtre: 8 Filtru<\/p>\n","protected":false},"featured_media":15364,"template":"","meta":[],"_links":{"self":[{"href":"https:\/\/evotek.md\/ro\/wp-json\/wp\/v2\/product\/15396"}],"collection":[{"href":"https:\/\/evotek.md\/ro\/wp-json\/wp\/v2\/product"}],"about":[{"href":"https:\/\/evotek.md\/ro\/wp-json\/wp\/v2\/types\/product"}],"wp:featuredmedia":[{"embeddable":true,"href":"https:\/\/evotek.md\/ro\/wp-json\/wp\/v2\/media\/15364"}],"wp:attachment":[{"href":"https:\/\/evotek.md\/ro\/wp-json\/wp\/v2\/media?parent=15396"}],"curies":[{"name":"wp","href":"https:\/\/api.w.org\/{rel}","templated":true}]}}