{"id":15387,"date":"2020-09-23T13:52:09","date_gmt":"2020-09-23T13:52:09","guid":{"rendered":"https:\/\/evotek.md\/?post_type=product&#038;p=15387"},"modified":"2020-09-23T13:52:09","modified_gmt":"2020-09-23T13:52:09","slug":"hota-de-perete-cu-7-filtre-emp-ddvld-4594","status":"publish","type":"product","link":"https:\/\/evotek.md\/ro\/produse\/mobila-din-inox\/hote-din-inox\/hota-de-perete-cu-7-filtre-emp-ddvld-4594\/","title":{"rendered":"HOT\u0102 DE PERETE CU 7 FILTRE -EMP.DDVLD.4594"},"content":{"rendered":"<p><strong>HOT\u0102 DE PERETE CU 7 FILTRE &#8211;<em>EMP.DDVLD.4594-\u00a0<\/em> <\/strong>purific\u0103 \u00een mod eficient aerul, saturat de aromele de pr\u0103jit, a garniturii de usturoi \u0219i copturilor. Aceasta este capabil\u0103 s\u0103 \u00eendep\u0103rteze rapid mirosul din interior, \u00eempiedic\u00e2nd r\u0103sp\u00e2ndirea acestuia.<\/p>\n<p>Caracteristici<\/p>\n<p>Parametri mm: 4500x900x400<\/p>\n<p>Filtre: 7 Filtru<\/p>\n","protected":false},"excerpt":{"rendered":"<p>Hote cu filtre de tip central, cu diferite dimensiuni. Parametri mm: 4500x900x400; Filtre: 7 Filtru<\/p>\n","protected":false},"featured_media":15364,"template":"","meta":[],"_links":{"self":[{"href":"https:\/\/evotek.md\/ro\/wp-json\/wp\/v2\/product\/15387"}],"collection":[{"href":"https:\/\/evotek.md\/ro\/wp-json\/wp\/v2\/product"}],"about":[{"href":"https:\/\/evotek.md\/ro\/wp-json\/wp\/v2\/types\/product"}],"wp:featuredmedia":[{"embeddable":true,"href":"https:\/\/evotek.md\/ro\/wp-json\/wp\/v2\/media\/15364"}],"wp:attachment":[{"href":"https:\/\/evotek.md\/ro\/wp-json\/wp\/v2\/media?parent=15387"}],"curies":[{"name":"wp","href":"https:\/\/api.w.org\/{rel}","templated":true}]}}