{"id":15384,"date":"2020-09-23T13:46:11","date_gmt":"2020-09-23T13:46:11","guid":{"rendered":"https:\/\/evotek.md\/?post_type=product&#038;p=15384"},"modified":"2020-12-01T09:40:39","modified_gmt":"2020-12-01T09:40:39","slug":"hota-de-perete-cu-filtre-emp-ddvld-3594","status":"publish","type":"product","link":"https:\/\/evotek.md\/ro\/produse\/mobila-din-inox\/hote-din-inox\/de-perete\/hota-de-perete-cu-filtre-emp-ddvld-3594\/","title":{"rendered":"HOT\u0102 DE PERETE DIN INOX 3500x900x400mm -EMP.DDVLD.3594"},"content":{"rendered":"<p><strong>HOT\u0102 DE PERETE DIN INOX 3500x900x400mm &#8211;<em>EMP.DDVLD.3594-<\/em> <\/strong>purific\u0103 \u00een mod eficient aerul, saturat de aromele de pr\u0103jit, a garniturii de usturoi \u0219i copturilor. Aceasta este capabil\u0103 s\u0103 \u00eendep\u0103rteze rapid mirosul din interior, \u00eempiedic\u00e2nd r\u0103sp\u00e2ndirea acestuia.<\/p>\n<p>Caracteristici<\/p>\n<p>Parametri mm: 3500x900x400mm<\/p>\n<p>Filtre: 6 Filtru<\/p>\n","protected":false},"excerpt":{"rendered":"<p>Hota de perete, din inox. Parametri mm: 3500x900x400; Filtre: 6 Filtru<\/p>\n","protected":false},"featured_media":15364,"template":"","meta":[],"_links":{"self":[{"href":"https:\/\/evotek.md\/ro\/wp-json\/wp\/v2\/product\/15384"}],"collection":[{"href":"https:\/\/evotek.md\/ro\/wp-json\/wp\/v2\/product"}],"about":[{"href":"https:\/\/evotek.md\/ro\/wp-json\/wp\/v2\/types\/product"}],"wp:featuredmedia":[{"embeddable":true,"href":"https:\/\/evotek.md\/ro\/wp-json\/wp\/v2\/media\/15364"}],"wp:attachment":[{"href":"https:\/\/evotek.md\/ro\/wp-json\/wp\/v2\/media?parent=15384"}],"curies":[{"name":"wp","href":"https:\/\/api.w.org\/{rel}","templated":true}]}}