{"id":15381,"date":"2020-09-23T13:40:27","date_gmt":"2020-09-23T13:40:27","guid":{"rendered":"https:\/\/evotek.md\/?post_type=product&#038;p=15381"},"modified":"2020-11-24T14:52:13","modified_gmt":"2020-11-24T14:52:13","slug":"hota-de-perete-cu-filtre-emp-ddvld-3094","status":"publish","type":"product","link":"https:\/\/evotek.md\/ro\/produse\/mobila-din-inox\/hote-din-inox\/de-perete\/hota-de-perete-cu-filtre-emp-ddvld-3094\/","title":{"rendered":"HOT\u0102 DE PERETE, DIN INOX 3000x900x400mm -EMP.DDVLD.3094"},"content":{"rendered":"<p><strong>HOT\u0102 DE PERETE, DIN INOX 3000x900x400mm\u00a0&#8211;<em>EMP.DDVLD.3094-\u00a0<\/em> <\/strong>purific\u0103 \u00een mod eficient aerul, saturat de aromele de pr\u0103jit, a garniturii de usturoi \u0219i copturilor. Aceasta este capabil\u0103 s\u0103 \u00eendep\u0103rteze rapid mirosul din interior, \u00eempiedic\u00e2nd r\u0103sp\u00e2ndirea acestuia.<\/p>\n<p>Caracteristici<\/p>\n<p>Parametri mm: 3000x900x400<\/p>\n<p>Filtre: 5 Filtru<\/p>\n","protected":false},"excerpt":{"rendered":"<p>Hot\u0103 de perete, din inox. Parametri mm: 3000x900x400; Filtre: 5 Filtru<\/p>\n","protected":false},"featured_media":15364,"template":"","meta":[],"_links":{"self":[{"href":"https:\/\/evotek.md\/ro\/wp-json\/wp\/v2\/product\/15381"}],"collection":[{"href":"https:\/\/evotek.md\/ro\/wp-json\/wp\/v2\/product"}],"about":[{"href":"https:\/\/evotek.md\/ro\/wp-json\/wp\/v2\/types\/product"}],"wp:featuredmedia":[{"embeddable":true,"href":"https:\/\/evotek.md\/ro\/wp-json\/wp\/v2\/media\/15364"}],"wp:attachment":[{"href":"https:\/\/evotek.md\/ro\/wp-json\/wp\/v2\/media?parent=15381"}],"curies":[{"name":"wp","href":"https:\/\/api.w.org\/{rel}","templated":true}]}}