{"id":15357,"date":"2020-09-22T13:24:06","date_gmt":"2020-09-22T13:24:50","guid":{"rendered":"https:\/\/evotek.md\/?post_type=product&#038;p=15357"},"modified":"2023-03-02T12:50:17","modified_gmt":"2023-03-02T12:50:17","slug":"grill-contact-mec-pdr","status":"publish","type":"product","link":"https:\/\/evotek.md\/ro\/produse\/echipamente-termice\/grill-contact-panini-sandwich-2\/grill-contact-mec-pdr\/","title":{"rendered":"GRILL CONTACT ELECTRIC, DUBLU, RIFLAT -MEC PDR"},"content":{"rendered":"<p><strong>GRILL CONTACT ELECTRIC, DUBLU, RIFLAT -MEC PDR-<\/strong> Grill contact este conceput pentru pr\u0103jirea c\u0103rnii, pe\u0219telui, legumelor, precum \u0219i pentru prepararea hamburgerilor \u0219i sandvi\u0219urilor calde \u00een unit\u0103\u021bile de alimenta\u021bie public\u0103 \u0219i comer\u021b. Modelul este echipat cu butoane de pornire \/ oprire, 2 termostate reglabile, 4 lumini de avertizare, tava de scurgere \u0219i m\u00e2nere izolate termic. Suprafa\u021ba riflat\u0103 creeaz\u0103 o crust\u0103 delicioas\u0103 \u0219i crocant\u0103.<\/p>\n<p>Caracteristici<\/p>\n<p>Num\u0103rul de zone de \u00eenc\u0103lzire: 2<\/p>\n<p>Dimensiunea inferioar\u0103 a suprafe\u021bei de lucru: 480&#215;230 mm<\/p>\n<p>Tensiune: 230 V<\/p>\n<p>Putere: 3,6 kW<\/p>\n<p>Material de suprafa\u021b\u0103 pentru pr\u0103jire: font\u0103<\/p>\n<p>Parametri: 570x440x250 mm<\/p>\n<p>Greutate: 32 kg<\/p>\n<p>&nbsp;<\/p>\n","protected":false},"excerpt":{"rendered":"<p>Grill contact cu suprafe\u021be de pr\u0103jire riflate. Num\u0103rul de zone de \u00eenc\u0103lzire: 2; Dimensiunea inferioar\u0103 a suprafe\u021bei de lucru: 480&#215;230 mm; Tensiune: 230 V; Putere: 3,6 kW; Material de suprafa\u021b\u0103 pentru pr\u0103jire: font\u0103; Parametri: 570x440x250 mm; Greutate: 32 kg.<\/p>\n","protected":false},"featured_media":15356,"template":"","meta":[],"_links":{"self":[{"href":"https:\/\/evotek.md\/ro\/wp-json\/wp\/v2\/product\/15357"}],"collection":[{"href":"https:\/\/evotek.md\/ro\/wp-json\/wp\/v2\/product"}],"about":[{"href":"https:\/\/evotek.md\/ro\/wp-json\/wp\/v2\/types\/product"}],"wp:featuredmedia":[{"embeddable":true,"href":"https:\/\/evotek.md\/ro\/wp-json\/wp\/v2\/media\/15356"}],"wp:attachment":[{"href":"https:\/\/evotek.md\/ro\/wp-json\/wp\/v2\/media?parent=15357"}],"curies":[{"name":"wp","href":"https:\/\/api.w.org\/{rel}","templated":true}]}}