{"id":15291,"date":"2020-09-21T13:22:38","date_gmt":"2020-09-21T13:22:38","guid":{"rendered":"https:\/\/evotek.md\/?post_type=product&#038;p=15291"},"modified":"2020-09-21T13:22:38","modified_gmt":"2020-09-21T13:22:38","slug":"sterilizator-pentru-cutite-hkn-uva10","status":"publish","type":"product","link":"https:\/\/evotek.md\/ro\/produse\/solutii-pentru-curatare\/sterilizatoare\/sterilizator-pentru-cutite-hkn-uva10\/","title":{"rendered":"STERILIZATOR PENTRU CU\u021aITE -HKN-UVA10"},"content":{"rendered":"<p><strong>STERILIZATOR PENTRU CU\u021aITE -HKN-UVA10- <\/strong>Sterilizatorul este utilizat \u00een \u00eentreprinderile de alimenta\u021bie public\u0103 \u0219i comer\u021b pentru dezinfectarea cu\u021bitelor \u0219i a altor unelte de buc\u0103t\u0103rie. Modelul este echipat cu temporizator, lamp\u0103 UV \u0219i un suport de cu\u021bit deta\u0219abil.<\/p>\n<p>Caracteristici<\/p>\n<p>Putere: 0,06 kW<\/p>\n<p>Tensiune: 230V<\/p>\n<p>Capacitate cu\u021bite: 10<\/p>\n<p>Timp de sterilizare: 30 sec.<\/p>\n<p>Interval de temperatur\u0103: sub 60 \u00b0 C<\/p>\n<p>Dimensiuni: 420x210x590 mm<\/p>\n<p>Greutate: 6 kg<\/p>\n<p>&nbsp;<\/p>\n","protected":false},"excerpt":{"rendered":"<p>Sterilizator pentru cu\u021bite, cu capacitatea 10 cu\u021bite. Putere: 0,06 kW; Tensiune: 230V; Timp de sterilizare: 30 sec.; Interval de temperatur\u0103: sub 60 \u00b0 C; Dimensiuni: 420x210x590 mm; Greutate: 6 kg.<\/p>\n","protected":false},"featured_media":15290,"template":"","meta":[],"_links":{"self":[{"href":"https:\/\/evotek.md\/ro\/wp-json\/wp\/v2\/product\/15291"}],"collection":[{"href":"https:\/\/evotek.md\/ro\/wp-json\/wp\/v2\/product"}],"about":[{"href":"https:\/\/evotek.md\/ro\/wp-json\/wp\/v2\/types\/product"}],"wp:featuredmedia":[{"embeddable":true,"href":"https:\/\/evotek.md\/ro\/wp-json\/wp\/v2\/media\/15290"}],"wp:attachment":[{"href":"https:\/\/evotek.md\/ro\/wp-json\/wp\/v2\/media?parent=15291"}],"curies":[{"name":"wp","href":"https:\/\/api.w.org\/{rel}","templated":true}]}}