{"id":15275,"date":"2020-09-21T12:10:34","date_gmt":"2020-09-21T12:10:34","guid":{"rendered":"https:\/\/evotek.md\/?post_type=product&#038;p=15275"},"modified":"2020-11-24T12:40:18","modified_gmt":"2020-11-24T12:40:18","slug":"hota-de-tip-central-cu-4-filtre-emp-odvl-15194-m-2","status":"publish","type":"product","link":"https:\/\/evotek.md\/ro\/produse\/mobila-din-inox\/hote-din-inox\/hote-de-tip-central\/hota-de-tip-central-cu-4-filtre-emp-odvl-15194-m-2\/","title":{"rendered":"HOT\u0102 DE TIP CENTRAL, DIN INOX 1500x2470xx400mm -EMP.ODVL.15244-M"},"content":{"rendered":"<p><strong>HOT\u0102 DE TIP CENTRAL, DIN INOX 1500x2470xx400mm -EMP.ODVL.15244-M<em>&#8211;<\/em> <\/strong>purific\u0103 \u00een mod eficient aerul, saturat de aromele de pr\u0103jit, a garniturii de usturoi \u0219i copturilor. Aceasta este capabil\u0103 s\u0103 \u00eendep\u0103rteze rapid mirosul din interior, \u00eempiedic\u00e2nd r\u0103sp\u00e2ndirea acestuia.<\/p>\n<p>Caracteristici<\/p>\n<p>Parametri mm: 1500x2470xx400<\/p>\n<p>Filtre: 4 Filtru<\/p>\n","protected":false},"excerpt":{"rendered":"<p>Hote cu filtre de tip central.\u00a0Parametri mm: 1500x2470xx400; Filtre: 4 Filtru<\/p>\n","protected":false},"featured_media":15242,"template":"","meta":[],"_links":{"self":[{"href":"https:\/\/evotek.md\/ro\/wp-json\/wp\/v2\/product\/15275"}],"collection":[{"href":"https:\/\/evotek.md\/ro\/wp-json\/wp\/v2\/product"}],"about":[{"href":"https:\/\/evotek.md\/ro\/wp-json\/wp\/v2\/types\/product"}],"wp:featuredmedia":[{"embeddable":true,"href":"https:\/\/evotek.md\/ro\/wp-json\/wp\/v2\/media\/15242"}],"wp:attachment":[{"href":"https:\/\/evotek.md\/ro\/wp-json\/wp\/v2\/media?parent=15275"}],"curies":[{"name":"wp","href":"https:\/\/api.w.org\/{rel}","templated":true}]}}