{"id":15263,"date":"2020-09-21T11:49:38","date_gmt":"2020-09-21T11:49:38","guid":{"rendered":"https:\/\/evotek.md\/?post_type=product&#038;p=15263"},"modified":"2020-11-24T11:54:33","modified_gmt":"2020-11-24T11:54:33","slug":"hota-de-tip-central-cu-12-filtre-emp-odvl-40194-m","status":"publish","type":"product","link":"https:\/\/evotek.md\/ro\/produse\/mobila-din-inox\/hote-din-inox\/hote-de-tip-central\/hota-de-tip-central-cu-12-filtre-emp-odvl-40194-m\/","title":{"rendered":"HOT\u0102 DE TIP CENTRAL, DIN INOX 4000x1970x400 mm-EMP.ODVL.40194-M"},"content":{"rendered":"<p><strong>HOT\u0102 DE TIP CENTRAL, DIN INOX 4000x1970x400 mm &#8211;<em>EMP.ODVL.40194-M-<\/em> <\/strong>purific\u0103 \u00een mod eficient aerul, saturat de aromele de pr\u0103jit, a garniturii de usturoi \u0219i copturilor. Aceasta este capabil\u0103 s\u0103 \u00eendep\u0103rteze rapid mirosul din interior, \u00eempiedic\u00e2nd r\u0103sp\u00e2ndirea acestuia.<\/p>\n<p>Caracteristici<\/p>\n<p>Parametri mm: 4000x1970x400<\/p>\n<p>Filtre: 12 Filtru<\/p>\n","protected":false},"excerpt":{"rendered":"<p>Hote cu filtre de tip central, cu diferite dimensiuni.\u00a0Parametri mm: 4000x1970x400; Filtre: 12 Filtru<\/p>\n","protected":false},"featured_media":15242,"template":"","meta":[],"_links":{"self":[{"href":"https:\/\/evotek.md\/ro\/wp-json\/wp\/v2\/product\/15263"}],"collection":[{"href":"https:\/\/evotek.md\/ro\/wp-json\/wp\/v2\/product"}],"about":[{"href":"https:\/\/evotek.md\/ro\/wp-json\/wp\/v2\/types\/product"}],"wp:featuredmedia":[{"embeddable":true,"href":"https:\/\/evotek.md\/ro\/wp-json\/wp\/v2\/media\/15242"}],"wp:attachment":[{"href":"https:\/\/evotek.md\/ro\/wp-json\/wp\/v2\/media?parent=15263"}],"curies":[{"name":"wp","href":"https:\/\/api.w.org\/{rel}","templated":true}]}}