{"id":15249,"date":"2020-09-21T08:40:53","date_gmt":"2020-09-21T08:40:53","guid":{"rendered":"https:\/\/evotek.md\/?post_type=product&#038;p=15249"},"modified":"2020-11-24T12:41:58","modified_gmt":"2020-11-24T12:41:58","slug":"hota-de-tip-central-cu-6-filtre-emp-odvl-20194-m","status":"publish","type":"product","link":"https:\/\/evotek.md\/ro\/produse\/mobila-din-inox\/hote-din-inox\/hote-de-tip-central\/hota-de-tip-central-cu-6-filtre-emp-odvl-20194-m\/","title":{"rendered":"HOT\u0102 DE TIP CENTRAL, DIN INOX 2000x1970x400mm -EMP.ODVL.20194-M"},"content":{"rendered":"<p><strong>HOT\u0102 DE TIP CENTRAL, DIN INOX 2000x1970x400mm &#8211;<em>EMP.ODVL.20194-M-<\/em> <\/strong>purific\u0103 \u00een mod eficient aerul, saturat de aromele de pr\u0103jit, a garniturii de usturoi \u0219i copturilor. Aceasta este capabil\u0103 s\u0103 \u00eendep\u0103rteze rapid mirosul din interior, \u00eempiedic\u00e2nd r\u0103sp\u00e2ndirea acestuia.<\/p>\n<p>Caracteristici<\/p>\n<p>Parametri mm: 2000x1970x400<\/p>\n<p>Filtre: 6 Filtru<\/p>\n","protected":false},"excerpt":{"rendered":"<p>Hote cu filtre de tip central, cu diferite dimensiuni.<b><i> <\/i><\/b>Parametri mm: 2000x1970x400; Filtre: 6 Filtru<\/p>\n","protected":false},"featured_media":15242,"template":"","meta":[],"_links":{"self":[{"href":"https:\/\/evotek.md\/ro\/wp-json\/wp\/v2\/product\/15249"}],"collection":[{"href":"https:\/\/evotek.md\/ro\/wp-json\/wp\/v2\/product"}],"about":[{"href":"https:\/\/evotek.md\/ro\/wp-json\/wp\/v2\/types\/product"}],"wp:featuredmedia":[{"embeddable":true,"href":"https:\/\/evotek.md\/ro\/wp-json\/wp\/v2\/media\/15242"}],"wp:attachment":[{"href":"https:\/\/evotek.md\/ro\/wp-json\/wp\/v2\/media?parent=15249"}],"curies":[{"name":"wp","href":"https:\/\/api.w.org\/{rel}","templated":true}]}}