{"id":15232,"date":"2020-09-21T07:57:55","date_gmt":"2020-09-21T07:57:55","guid":{"rendered":"https:\/\/evotek.md\/?post_type=product&#038;p=15232"},"modified":"2020-09-21T07:58:57","modified_gmt":"2020-09-21T07:58:57","slug":"rafturi-suspendate-kws-21-0903","status":"publish","type":"product","link":"https:\/\/evotek.md\/ro\/produse\/mobila-din-inox\/rafturi-suspendate-din-inox\/rafturi-suspendate-kws-21-0903\/","title":{"rendered":"RAFTURI SUSPENDATE -KWS-21\/0903"},"content":{"rendered":"<p><strong>RAFTURI SUSPENDATE -KWS-21\/0903-<\/strong> Rafturile sunt utilizate \u00een alimenta\u021bie public\u0103 \u0219i comer\u021b ca loc suplimentar pentru depozitarea diverselor echipamente \u0219i produse uscate. Raftul poate fi amplasat \u00een sec\u021bia de sp\u0103lare deasupra c\u0103zii de sp\u0103lare \u0219i deasupra mesei de produc\u021bie din magazinele de buc\u0103t\u0103rie. Un raft poate fi combinat cu alte rafturi, a\u0219ez\u00e2ndu-le unul peste altul. Raftul este fixat pe perete folosind dou\u0103 suporturi laterale. Se recomand\u0103 fixarea raftului pe suprafe\u021be rezistente la umiditate. Rafturile sunt realizate din inox.<\/p>\n<p>Caracteristic<\/p>\n<p>Dimensiuni: 900x300x145 mm<\/p>\n<p>Greutate: 3,7 kg<\/p>\n","protected":false},"excerpt":{"rendered":"<p>Raft suspendat. Dimensiuni: 900x300x145 mm; Greutate: 3,7 kg.<\/p>\n","protected":false},"featured_media":15222,"template":"","meta":[],"_links":{"self":[{"href":"https:\/\/evotek.md\/ro\/wp-json\/wp\/v2\/product\/15232"}],"collection":[{"href":"https:\/\/evotek.md\/ro\/wp-json\/wp\/v2\/product"}],"about":[{"href":"https:\/\/evotek.md\/ro\/wp-json\/wp\/v2\/types\/product"}],"wp:featuredmedia":[{"embeddable":true,"href":"https:\/\/evotek.md\/ro\/wp-json\/wp\/v2\/media\/15222"}],"wp:attachment":[{"href":"https:\/\/evotek.md\/ro\/wp-json\/wp\/v2\/media?parent=15232"}],"curies":[{"name":"wp","href":"https:\/\/api.w.org\/{rel}","templated":true}]}}