{"id":1522,"date":"2020-02-07T13:50:24","date_gmt":"2020-02-07T13:52:03","guid":{"rendered":"https:\/\/evotek.md\/?post_type=product&#038;p=1522"},"modified":"2025-06-13T14:24:39","modified_gmt":"2025-06-13T14:24:39","slug":"refrigerator-pentru-lapte-844100","status":"publish","type":"product","link":"https:\/\/evotek.md\/ro\/produse\/echipamente-pentru-bar-si-cafea\/masini-pentru-cafea\/refrigerator-pentru-lapte-844100\/","title":{"rendered":"FRIGIDER PENTRU LAPTE -ST-844100"},"content":{"rendered":"<p><strong>FRIGIDER PENTRU LAPTE -ST-844100 <\/strong>P\u0103streaz\u0103 laptele la o temperatur\u0103 ideal\u0103, cu toate acestea, este foarte compact \u0219i convenabil de utilizat. Refrigeratorul este fabricat din o\u021bel inoxidabil.<\/p>\n<p>Caracteristici<br \/>\n\u00cen\u0103l\u021bime: 376 mm<br \/>\nL\u0103\u021bime: 220 mm<br \/>\nAd\u00e2ncime: 512 mm<br \/>\nGreutate: 21 kg<br \/>\nVolumul: 7 l<br \/>\nVoltaj: 230 V<br \/>\nPutere: 0,11 kW<br \/>\nProducator: Stalgast, Polonia<br \/>\nCompresor de calitate superioar\u0103<br \/>\nPentru aparatelor automate de cafea<br \/>\nU\u0219\u0103 cu geam termopan<br \/>\nOrificii pentru furtunul de lapte pe ambele p\u0103r\u021bi<br \/>\nIluminare compartiment<br \/>\nCircula\u021bie for\u021bat\u0103 a aerului<\/p>\n","protected":false},"excerpt":{"rendered":"<p>Frigider pentru p\u0103strarea laptelui. \u00cen\u0103l\u021bime: 376 mm; L\u0103\u021bime: 220 mm; Ad\u00e2ncime: 512 mm; Greutate: 21 kg; Volumul: 7 l; Voltaj: 230 V; Putere: 0,11 kW; Producator: Stalgast, Polonia; Compresor de calitate superioar\u0103; Pentru aparatelor automate de cafea; U\u0219\u0103 cu geam termopan; Orificii pentru furtunul de lapte pe ambele p\u0103r\u021bi; Iluminare compartiment; Circula\u021bie for\u021bat\u0103 a aerului.<\/p>\n","protected":false},"featured_media":1520,"template":"","meta":[],"_links":{"self":[{"href":"https:\/\/evotek.md\/ro\/wp-json\/wp\/v2\/product\/1522"}],"collection":[{"href":"https:\/\/evotek.md\/ro\/wp-json\/wp\/v2\/product"}],"about":[{"href":"https:\/\/evotek.md\/ro\/wp-json\/wp\/v2\/types\/product"}],"wp:featuredmedia":[{"embeddable":true,"href":"https:\/\/evotek.md\/ro\/wp-json\/wp\/v2\/media\/1520"}],"wp:attachment":[{"href":"https:\/\/evotek.md\/ro\/wp-json\/wp\/v2\/media?parent=1522"}],"curies":[{"name":"wp","href":"https:\/\/api.w.org\/{rel}","templated":true}]}}