{"id":15212,"date":"2020-09-18T13:40:58","date_gmt":"2020-09-18T13:45:03","guid":{"rendered":"https:\/\/evotek.md\/?post_type=product&#038;p=15212"},"modified":"2021-05-11T14:30:09","modified_gmt":"2021-05-11T14:30:09","slug":"blat-frigorific-comercial-emp-200-60-01-s","status":"publish","type":"product","link":"https:\/\/evotek.md\/ro\/produse\/echipamente-frigorifice\/blat-frigorific-comercial-emp-200-60-01-s\/","title":{"rendered":"BLAT FRIGORIFIC COMERCIAL 2&#215;0.6 \u043c -EMP.200.60.01-S"},"content":{"rendered":"<p><strong>BLAT FRIGORIFIC COMERCIAL 2&#215;0.6 \u043c &#8211;<em>EMP.200.60.01-S<\/em>\u2013<\/strong>\u00a0pentru buc\u0103t\u0103rii profesionale. Facilit\u0103\u021bi: Reglare electronic\u0103 a temperaturii, \u0219i decongelare \u0219i afi\u0219are; Evaporarea automat\u0103 a apei \u00een timpul dezghe\u021b\u0103rii; Compresor deta\u0219abil, cu aer condi\u021bionat; Izola\u021bie poliuretanic\u0103 \u201esigur\u0103 la ozon\u201d cu o grosime de 48 mm; Marginile superioare frontale netede; Evaporator cu tub de cupru cu aripioare de aluminiu; Carcas\u0103 reglabil\u0103 din inox; rafturi cu acoperire din plastic; Carcas\u0103 din inox; Temperatura de lucru; 0 \u00b0 C, + 5 \u00b0 C (la temperatura ambiant\u0103 de 43 \u00b0 C); densitate 40 kg \/ m3.<\/p>\n<p>Caracteristici<\/p>\n<p>Dimensiuni: 2000x600x550 mm<\/p>\n<p>Greutate: 110 kg<\/p>\n<p>Putere: 0,35<\/p>\n<p>Capacitate: 6\u00d72\/ 3200 l<\/p>\n","protected":false},"excerpt":{"rendered":"<p>Blat frigorific comercial. Dimensiuni: 2000x600x550 mm; Greutate: 110 kg; Putere: 0,35; Capacitate: 6\u00d72\/ 3200 l.<\/p>\n","protected":false},"featured_media":12901,"template":"","meta":[],"_links":{"self":[{"href":"https:\/\/evotek.md\/ro\/wp-json\/wp\/v2\/product\/15212"}],"collection":[{"href":"https:\/\/evotek.md\/ro\/wp-json\/wp\/v2\/product"}],"about":[{"href":"https:\/\/evotek.md\/ro\/wp-json\/wp\/v2\/types\/product"}],"wp:featuredmedia":[{"embeddable":true,"href":"https:\/\/evotek.md\/ro\/wp-json\/wp\/v2\/media\/12901"}],"wp:attachment":[{"href":"https:\/\/evotek.md\/ro\/wp-json\/wp\/v2\/media?parent=15212"}],"curies":[{"name":"wp","href":"https:\/\/api.w.org\/{rel}","templated":true}]}}