{"id":15169,"date":"2020-09-18T09:59:17","date_gmt":"2020-09-18T10:00:12","guid":{"rendered":"https:\/\/evotek.md\/?post_type=product&#038;p=15169"},"modified":"2023-03-01T13:32:16","modified_gmt":"2023-03-01T13:32:16","slug":"friteuza-electrica-la-11-l-ft-8","status":"publish","type":"product","link":"https:\/\/evotek.md\/ro\/produse\/echipamente-pentru-fast-food\/friteuze-2\/friteuza-electrica-la-11-l-ft-8\/","title":{"rendered":"FRITEUZA ELECTRICA, 7 LITRI -MEC-FT8"},"content":{"rendered":"<p><strong>FRITEUZA ELECTRICA, 7 LITRI -MEC-FT8- <\/strong>Friteuza este conceput\u0103 pentru prepararea unei game largi de feluri de m\u00e2ncare \u00een cantit\u0103\u021bi mari de ulei sau gr\u0103simi \u00een unit\u0103\u021bile de alimenta\u021bie public\u0103 \u0219i comer\u021b. Modelul este echipat cu un regulator de temperatur\u0103, un termostat de siguran\u021b\u0103 cu buton de resetare \u0219i un bloc superior deta\u0219abil \u0219i elemente de \u00eenc\u0103lzire. Carcasa, cuva \u0219i capacul sunt fabricate din inox, co\u0219urile deta\u0219abile sunt din s\u00e2rm\u0103 cromat\u0103, m\u00e2nerele co\u0219urilor \u0219i capacele sunt din plastic termoizolant.<\/p>\n<p>Caracterisici<\/p>\n<p>Volumul cuvei: 11 l<\/p>\n<p>Capacitatea de ulei: 7 l<\/p>\n<p>Putere: 3,25 kW<\/p>\n<p>Tensiune: 230 V<\/p>\n<p>Dimensiuni: 280x430x210 mm<\/p>\n<p>Greutate: 6 kg<\/p>\n<p>&nbsp;<\/p>\n","protected":false},"excerpt":{"rendered":"<p>Friteuza electric\u0103 la 7 litri. Volumul cuvei: 11 l; Capacitatea de ulei: 7 l; Putere: 3,25 kW; Tensiune: 230V; Dimensiuni: 280x430x210 mm; Greutate: 6 kg.<\/p>\n","protected":false},"featured_media":15159,"template":"","meta":[],"_links":{"self":[{"href":"https:\/\/evotek.md\/ro\/wp-json\/wp\/v2\/product\/15169"}],"collection":[{"href":"https:\/\/evotek.md\/ro\/wp-json\/wp\/v2\/product"}],"about":[{"href":"https:\/\/evotek.md\/ro\/wp-json\/wp\/v2\/types\/product"}],"wp:featuredmedia":[{"embeddable":true,"href":"https:\/\/evotek.md\/ro\/wp-json\/wp\/v2\/media\/15159"}],"wp:attachment":[{"href":"https:\/\/evotek.md\/ro\/wp-json\/wp\/v2\/media?parent=15169"}],"curies":[{"name":"wp","href":"https:\/\/api.w.org\/{rel}","templated":true}]}}