{"id":15166,"date":"2020-09-18T09:52:35","date_gmt":"2020-09-18T09:54:42","guid":{"rendered":"https:\/\/evotek.md\/?post_type=product&#038;p=15166"},"modified":"2023-03-01T13:29:04","modified_gmt":"2023-03-01T13:29:04","slug":"friteuza-electrica-la-66-l-ft-44","status":"publish","type":"product","link":"https:\/\/evotek.md\/ro\/produse\/echipamente-pentru-fast-food\/friteuze-2\/friteuza-electrica-la-66-l-ft-44\/","title":{"rendered":"FRITEUZA ELECTRICA, 4+4 LITRI -MEC-FT44"},"content":{"rendered":"<p><strong>FRITEUZA ELECTRICA, 4+4 LITRI -MEC-FT44- <\/strong>Friteuza este conceput\u0103 pentru prepararea unei game largi bucate \u00een cantit\u0103\u021bi mari de ulei sau gr\u0103simi \u00een unit\u0103\u021bile de alimenta\u021bie public\u0103 \u0219i comer\u021b. Modelul este echipat cu un regulator de temperatur\u0103, un termostat de siguran\u021b\u0103 cu buton de resetare, un bloc superior deta\u0219abil \u0219i elemente de \u00eenc\u0103lzire. Carcasa, cuva \u0219i capacul sunt fabricate din inox, co\u0219urile deta\u0219abile sunt din s\u00e2rm\u0103 cromat\u0103, m\u00e2nerele co\u0219urilor \u0219i capacele sunt din plastic termoizolant.<\/p>\n<p>Caracterisici<\/p>\n<p>Volumul cuvei: 6+6 l<\/p>\n<p>Capacitatea de ulei: 4+4 l<\/p>\n<p>Putere: 2+2 kW<\/p>\n<p>Tensiune: 230 V<\/p>\n<p>Dimensiuni: 370x430x210 mm<\/p>\n<p>Greutate: 8 kg<\/p>\n<p>&nbsp;<\/p>\n","protected":false},"excerpt":{"rendered":"<p>Friteuza electric\u0103 4+4 litri. Volumul cuvei: 6+6 l; Capacitatea de ulei: 4+4 l; Putere: 2+2 kW; Tensiune: 230V; Dimensiuni: 370x430x210 mm; Greutate: 8 kg.<\/p>\n","protected":false},"featured_media":15157,"template":"","meta":[],"_links":{"self":[{"href":"https:\/\/evotek.md\/ro\/wp-json\/wp\/v2\/product\/15166"}],"collection":[{"href":"https:\/\/evotek.md\/ro\/wp-json\/wp\/v2\/product"}],"about":[{"href":"https:\/\/evotek.md\/ro\/wp-json\/wp\/v2\/types\/product"}],"wp:featuredmedia":[{"embeddable":true,"href":"https:\/\/evotek.md\/ro\/wp-json\/wp\/v2\/media\/15157"}],"wp:attachment":[{"href":"https:\/\/evotek.md\/ro\/wp-json\/wp\/v2\/media?parent=15166"}],"curies":[{"name":"wp","href":"https:\/\/api.w.org\/{rel}","templated":true}]}}