{"id":15141,"date":"2020-09-18T08:48:28","date_gmt":"2020-09-18T08:49:52","guid":{"rendered":"https:\/\/evotek.md\/?post_type=product&#038;p=15141"},"modified":"2023-03-03T15:51:03","modified_gmt":"2023-03-03T15:51:03","slug":"mese-frigorifice-cu-usi-de-sticla-emp-200-60-03","status":"publish","type":"product","link":"https:\/\/evotek.md\/ro\/produse\/echipamente-frigorifice\/masa-frigider\/mese-frigorifice-cu-usi-de-sticla-emp-200-60-03\/","title":{"rendered":"MASA FRIGORIFICA CU BORDUR LA PERETE, 3 USI DIN STICLA, 400 LITRI -EMP.200.60.03"},"content":{"rendered":"<p><strong>MASA FRIGORIFICA CU BORDUR LA PERETE, 3 USI DIN STICLA, 400 LITRI -EMP.200.60.03-<\/strong> pentru buc\u0103t\u0103rii profesionale. Facilit\u0103\u021bi: Evaporarea automat\u0103 a apei \u00een timpul dezghe\u021b\u0103rii; indicator electronic al temperaturii \u0219i controlului dezghe\u021bului; compresor ventilat deta\u0219abil; ventilator de r\u0103cire; Izola\u021bie poliuretanic\u0103 \u201esigur\u0103 la ozon\u201d de 48 mm; U\u0219ile cu \u00eenchidere automat\u0103 se blocheaz\u0103 la 45 de grade; placa superioar\u0103 rotunjit\u0103 \u00een fa\u021b\u0103; evaporator cu panou din aluminiu \u0219i tub de cupru; reglabil; rafturi din inox; raft interior acoperit din plastic; carcas\u0103 din inox; Domeniu de lucru; 0\u00baC, + 5\u00baC (tropical 43\u00baC); 220 V &#8211; 230 V -1 + n -50 60 Hz; &#8220;CFC Free&#8221;, agent frigorific R-134; densitate 40 kg \/ m3.<\/p>\n<p>Caracteristici<\/p>\n<p>Dimensiuni mm: 2000x600x850<\/p>\n<p>Greutate kg: 115<\/p>\n<p>Putere: 0,35<\/p>\n<p>Capacitate l: 400<\/p>\n","protected":false},"excerpt":{"rendered":"<p>Mese frigorifice cu u\u0219i de sticl\u0103. Descriere: u\u0219i triple; Dimensiuni mm: 2000x600x850; Greutate kg: 115; Putere: 0,35; Capacitate l: 400.<\/p>\n","protected":false},"featured_media":12872,"template":"","meta":[],"_links":{"self":[{"href":"https:\/\/evotek.md\/ro\/wp-json\/wp\/v2\/product\/15141"}],"collection":[{"href":"https:\/\/evotek.md\/ro\/wp-json\/wp\/v2\/product"}],"about":[{"href":"https:\/\/evotek.md\/ro\/wp-json\/wp\/v2\/types\/product"}],"wp:featuredmedia":[{"embeddable":true,"href":"https:\/\/evotek.md\/ro\/wp-json\/wp\/v2\/media\/12872"}],"wp:attachment":[{"href":"https:\/\/evotek.md\/ro\/wp-json\/wp\/v2\/media?parent=15141"}],"curies":[{"name":"wp","href":"https:\/\/api.w.org\/{rel}","templated":true}]}}