{"id":15132,"date":"2020-09-18T08:34:23","date_gmt":"2020-09-18T08:35:48","guid":{"rendered":"https:\/\/evotek.md\/?post_type=product&#038;p=15132"},"modified":"2023-03-03T16:00:57","modified_gmt":"2023-03-03T16:00:57","slug":"mese-frigorifice-cu-usi-si-chiuveta-emp-200-70-01-ev","status":"publish","type":"product","link":"https:\/\/evotek.md\/ro\/produse\/echipamente-frigorifice\/masa-frigider\/mese-frigorifice-cu-usi-si-chiuveta-emp-200-70-01-ev\/","title":{"rendered":"MASA FRIGORIFICA CU BORDUR LA PERETE SI CHIUVETA, 2 USI, 500 LITRI -EMP.200.70.01-EV"},"content":{"rendered":"<p><strong>MASA FRIGORIFICA CU BORDUR LA PERETE SI CHIUVETA, 2 USI, 500 LITRI -EMP.200.70.01-EV- <\/strong>pentru buc\u0103t\u0103rii profesionale. Facilit\u0103\u021bi: Evaporarea automat\u0103 a apei \u00een timpul dezghe\u021b\u0103rii; indicator electronic al temperaturii \u0219i controlului dezghe\u021bului; compresor ventilat deta\u0219abil; ventilator de r\u0103cire; Izola\u021bie poliuretanic\u0103 \u201esigur\u0103 la ozon\u201d de 48 mm; U\u0219ile cu \u00eenchidere automat\u0103 se blocheaz\u0103 la 45 de grade; placa superioar\u0103 rotunjit\u0103 \u00een fa\u021b\u0103; evaporator cu panou din aluminiu \u0219i tub de cupru; reglabil; rafturi din inox; raft interior acoperit din plastic; carcas\u0103 din inox; Domeniu de lucru; 0\u00baC, + 5\u00baC (tropical 43\u00baC); 220 V \u2013 230 V -1 + n -50 60 Hz; \u201cCFC Free\u201d, agent frigorific R-134; densitate 40 kg \/ m3.<\/p>\n<p>Caracteristici<\/p>\n<p>Dimensiuni mm: 2000x700x850<\/p>\n<p>Greutate kg: 120<\/p>\n<p>Putere: 0,35<\/p>\n<p>Capacitate l: 500<\/p>\n","protected":false},"excerpt":{"rendered":"<p>Mese frigorifice cu u\u0219i \u0219i chiuvet\u0103.<b><i> <\/i><\/b>Descriere: mas\u0103 frigorific\u0103 cu trei u\u0219i (cu chiuvet\u0103); Dimensiuni mm: 2000x700x850; Greutate kg: 120; Putere: 0,35; Capacitate l: 500.<\/p>\n","protected":false},"featured_media":12881,"template":"","meta":[],"_links":{"self":[{"href":"https:\/\/evotek.md\/ro\/wp-json\/wp\/v2\/product\/15132"}],"collection":[{"href":"https:\/\/evotek.md\/ro\/wp-json\/wp\/v2\/product"}],"about":[{"href":"https:\/\/evotek.md\/ro\/wp-json\/wp\/v2\/types\/product"}],"wp:featuredmedia":[{"embeddable":true,"href":"https:\/\/evotek.md\/ro\/wp-json\/wp\/v2\/media\/12881"}],"wp:attachment":[{"href":"https:\/\/evotek.md\/ro\/wp-json\/wp\/v2\/media?parent=15132"}],"curies":[{"name":"wp","href":"https:\/\/api.w.org\/{rel}","templated":true}]}}