{"id":15128,"date":"2020-09-17T13:52:11","date_gmt":"2020-09-17T13:53:46","guid":{"rendered":"https:\/\/evotek.md\/?post_type=product&#038;p=15128"},"modified":"2025-03-04T15:04:06","modified_gmt":"2025-03-04T15:04:06","slug":"mese-frigorifice-cu-usi-emp-255-70-02","status":"publish","type":"product","link":"https:\/\/evotek.md\/ro\/produse\/echipamente-frigorifice\/masa-frigider\/mese-frigorifice-cu-usi-emp-255-70-02\/","title":{"rendered":"MASA FRIGORIFICA CU BORDUR LA PERETE, 4 USI, 700 LITRI -EMP.255.70.02"},"content":{"rendered":"<p><strong>MASA FRIGORIFICA CU BORDUR LA PERETE, 4 USI, 700 LITRI -EMP.255.70.02-<\/strong>\u00a0pentru buc\u0103t\u0103rii profesionale. Suprafata de lucru convenabila este combinata cu camere \u00eenc\u0103p\u0103toare. Rafturile pentru alimente sunt fabricate din plastic de calitate alimentar\u0103. Etan\u0219eitatea se realizeaz\u0103 datorit\u0103 izol\u0103rii poliuretanice de \u00eenalt\u0103 calitate. Temperatura de func\u021bionare -18 \u2026 -20\u0421, la temperatura maxim\u0103 exterioar\u0103 + 43\u0421. Exist\u0103 un sistem de control electronic pentru dezghe\u021barea \u0219i \u00eendep\u0103rtarea condensului.<\/p>\n<p>Caracteristici<br \/>\nDimensiuni : 2550x700x850 <span style=\"font-size: 14.4px\">mm<br \/>\n<\/span>Greutate : 206 <span style=\"font-size: 14.4px\">kg<br \/>\n<\/span>Puterea: 0,98 kW<br \/>\nNet: 1.5 m3<br \/>\nCapacitate: 700 litri<br \/>\nInterval de func\u021bionare: -18\/-20 \u00baC (tropical 43 \u00baC)<br \/>\nAlimentare: 220-230 V -1 +N 50-60 Hz<br \/>\nAgent frigorific: R-290 \u201ef\u0103r\u0103 CFC\u201d<br \/>\nAfisaj digital cu control al temperaturii si dezghetarii<br \/>\nEvaporarea automata a apei in timpul dezghetarii<br \/>\nR\u0103cire cu ventilator<br \/>\nIzola\u021bie din poliuretan de 48 mm grosime, \u201eprietenoas\u0103 cu ozonul\u201d<br \/>\nU\u0219i fixe cu auto\u00eenchidere la un unghi de 45 de grade<br \/>\nEvaporator cu panou de aluminiu si tub de cupru<br \/>\nFante reglabile pentru rafturi din o\u021bel inoxidabil, rafturi din plastic<br \/>\nCarcasa din otel inoxidabil<\/p>\n","protected":false},"excerpt":{"rendered":"<p>Dimensiuni : 2550x700x850 <span style=\"font-size: 14.4px\">mm; <\/span>Greutate : 206 <span style=\"font-size: 14.4px\">kg; <\/span>Puterea: 0,98 kW; Net: 1.5 m3; Capacitate: 700 litri; Interval de func\u021bionare: -18\/-20 \u00baC (tropical 43 \u00baC); Alimentare: 220-230 V -1 +N 50-60 Hz; Agent frigorific: R-290 \u201ef\u0103r\u0103 CFC\u201d; Afisaj digital cu control al temperaturii si dezghetarii; Evaporarea automata a apei in timpul dezghetarii; R\u0103cire cu ventilator; Izola\u021bie din poliuretan de 48 mm grosime, \u201eprietenoas\u0103 cu ozonul\u201d; U\u0219i fixe cu auto\u00eenchidere la un unghi de 45 de grade; Evaporator cu panou de aluminiu si tub de cupru; Fante reglabile pentru rafturi din o\u021bel inoxidabil, rafturi din plastic; Carcasa din otel inoxidabil.<\/p>\n","protected":false},"featured_media":15124,"template":"","meta":[],"_links":{"self":[{"href":"https:\/\/evotek.md\/ro\/wp-json\/wp\/v2\/product\/15128"}],"collection":[{"href":"https:\/\/evotek.md\/ro\/wp-json\/wp\/v2\/product"}],"about":[{"href":"https:\/\/evotek.md\/ro\/wp-json\/wp\/v2\/types\/product"}],"wp:featuredmedia":[{"embeddable":true,"href":"https:\/\/evotek.md\/ro\/wp-json\/wp\/v2\/media\/15124"}],"wp:attachment":[{"href":"https:\/\/evotek.md\/ro\/wp-json\/wp\/v2\/media?parent=15128"}],"curies":[{"name":"wp","href":"https:\/\/api.w.org\/{rel}","templated":true}]}}