{"id":15120,"date":"2020-09-17T13:37:40","date_gmt":"2020-09-17T13:39:56","guid":{"rendered":"https:\/\/evotek.md\/?post_type=product&#038;p=15120"},"modified":"2025-01-16T09:23:30","modified_gmt":"2025-01-16T09:23:30","slug":"emp-200-70-02","status":"publish","type":"product","link":"https:\/\/evotek.md\/ro\/produse\/echipamente-frigorifice\/masa-congelator\/emp-200-70-02\/","title":{"rendered":"MASA CONGELATOR DIN INOX CU 3 USI, 500 LITRI -EMP.200.70.02"},"content":{"rendered":"<p><strong>MASA CONGELATOR DIN INOX CU 3 USI, 500 LITRI -EMP.200.70.02-<\/strong> pentru buc\u0103t\u0103rii profesionale. Rafturile pentru alimente sunt fabricate din plastic de calitate alimentar\u0103. Etan\u0219eitatea se realizeaz\u0103 datorit\u0103 izol\u0103rii poliuretanice de \u00eenalt\u0103 calitate.<br \/>\n&#8211; Afisaj digital cu control al temperaturii si dezghetarii.<br \/>\n&#8211; Evaporarea automata a apei in timpul dezghetarii.<br \/>\n&#8211; R\u0103cire cu ventilator.<br \/>\n&#8211; Izola\u021bie poliuretanic\u0103 \u201eprietenoas\u0103 cu ozonul\u201d de 48 mm grosime.<br \/>\n&#8211; U\u0219i fixe cu auto\u00eenchidere la 45 de grade.<br \/>\n&#8211; Evaporator cu panou de aluminiu si teava de cupru.<br \/>\n&#8211; Fante pentru rafturi reglabile, din o\u021bel inoxidabil, rafturi din plastic..<br \/>\n&#8211; Corp din otel inoxidabil.<\/p>\n<p>Caracteristici<br \/>\nAmplasarea unit\u0103\u021bii pe lateral<br \/>\nInterval de temperatur\u0103: de la -20 la -18 \u00b0C<br \/>\nVolum: 500 l<br \/>\nBlat de mas\u0103 cu margine<br \/>\nSuprafata de lucru din otel inoxidabil<br \/>\nNumar de usi: 3<br \/>\nTensiune 220 V<br \/>\nConsum de energie 0,7 kW<br \/>\nLatime: 2000 mm<br \/>\nAd\u00e2ncime: 700 mm<br \/>\nInaltime: 850 mm<br \/>\nGreutate: 155 kg<br \/>\n\u021aara de origine Turcia<\/p>\n","protected":false},"excerpt":{"rendered":"<p>Masa congelator cu 3 u\u0219i. Amplasarea unit\u0103\u021bii pe lateral; Interval de temperatur\u0103: de la -20 la -18 \u00b0C; Volum: 500 l; Blat de mas\u0103 cu margine; Suprafata de lucru din otel inoxidabil; Numar de usi: 3; Tensiune 220 V; Consum de energie 0,7 kW; Latime: 2000 mm; Ad\u00e2ncime: 700 mm; Inaltime: 850 mm; Greutate: 155 kg; \u021aara de origine Turcia.<\/p>\n","protected":false},"featured_media":15113,"template":"","meta":[],"_links":{"self":[{"href":"https:\/\/evotek.md\/ro\/wp-json\/wp\/v2\/product\/15120"}],"collection":[{"href":"https:\/\/evotek.md\/ro\/wp-json\/wp\/v2\/product"}],"about":[{"href":"https:\/\/evotek.md\/ro\/wp-json\/wp\/v2\/types\/product"}],"wp:featuredmedia":[{"embeddable":true,"href":"https:\/\/evotek.md\/ro\/wp-json\/wp\/v2\/media\/15113"}],"wp:attachment":[{"href":"https:\/\/evotek.md\/ro\/wp-json\/wp\/v2\/media?parent=15120"}],"curies":[{"name":"wp","href":"https:\/\/api.w.org\/{rel}","templated":true}]}}