{"id":15117,"date":"2020-09-17T13:31:38","date_gmt":"2020-09-17T13:33:55","guid":{"rendered":"https:\/\/evotek.md\/?post_type=product&#038;p=15117"},"modified":"2023-03-03T15:48:23","modified_gmt":"2023-03-03T15:48:23","slug":"mese-frigorifice-cu-usi-emp-200-60-02","status":"publish","type":"product","link":"https:\/\/evotek.md\/ro\/produse\/echipamente-frigorifice\/masa-frigider\/mese-frigorifice-cu-usi-emp-200-60-02\/","title":{"rendered":"MASA FRIGORIFICA CU BORDUR LA PERETE, 3 USI, 400 LITRI -EMP.200.60.02"},"content":{"rendered":"<p><strong>MASA FRIGORIFICA CU BORDUR LA PERETE, 3 USI, 400 LITRI -EMP.200.60.02-<\/strong> pentru buc\u0103t\u0103rii profesionale. Suprafata de lucru convenabila este combinata cu camere \u00eenc\u0103p\u0103toare. Rafturile pentru alimente sunt fabricate din plastic de calitate alimentar\u0103. Etan\u0219eitatea se realizeaz\u0103 datorit\u0103 izol\u0103rii poliuretanice de \u00eenalt\u0103 calitate. Temperatura de func\u021bionare -18 \u2026 -20\u0421, la temperatura maxim\u0103 exterioar\u0103 + 43\u0421. Exist\u0103 un sistem de control electronic pentru dezghe\u021barea \u0219i \u00eendep\u0103rtarea condensului.<\/p>\n<p>Caracteristici<\/p>\n<p>Dimensiuni mm: 2000x600x850<\/p>\n<p>Greutate kg: 120<\/p>\n<p>Putere: 1<\/p>\n<p>Capacitate l: 400<\/p>\n","protected":false},"excerpt":{"rendered":"<p>Mese frigorifice pentru buc\u0103t\u0103rii profesionale cu u\u0219i. Descriere: u\u0219i triple; Dimensiuni mm: 2000x600x850; Greutate kg: 120; Putere: 1; Capacitate l: 400.<\/p>\n","protected":false},"featured_media":15113,"template":"","meta":[],"_links":{"self":[{"href":"https:\/\/evotek.md\/ro\/wp-json\/wp\/v2\/product\/15117"}],"collection":[{"href":"https:\/\/evotek.md\/ro\/wp-json\/wp\/v2\/product"}],"about":[{"href":"https:\/\/evotek.md\/ro\/wp-json\/wp\/v2\/types\/product"}],"wp:featuredmedia":[{"embeddable":true,"href":"https:\/\/evotek.md\/ro\/wp-json\/wp\/v2\/media\/15113"}],"wp:attachment":[{"href":"https:\/\/evotek.md\/ro\/wp-json\/wp\/v2\/media?parent=15117"}],"curies":[{"name":"wp","href":"https:\/\/api.w.org\/{rel}","templated":true}]}}