{"id":15090,"date":"2020-09-17T09:28:24","date_gmt":"2020-09-17T09:30:36","guid":{"rendered":"https:\/\/evotek.md\/?post_type=product&#038;p=15090"},"modified":"2023-03-03T15:42:25","modified_gmt":"2023-03-03T15:42:25","slug":"masa-frigorifica-pentru-pizza-si-salata-emp-200-80-01-psy","status":"publish","type":"product","link":"https:\/\/evotek.md\/ro\/produse\/echipamente-frigorifice\/masa-frigider\/masa-frigorifica-pentru-pizza-si-salata-emp-200-80-01-psy\/","title":{"rendered":"MASA FRIGORIFICA CU SALADETA, 2 USI, 500 LITRI -EMP.200.80.01-PSY"},"content":{"rendered":"<p><strong>MASA FRIGORIFICA CU SALADETA, 2 USI, 500 LITRI -EMP.200.80.01-PSY-<\/strong> pentru buc\u0103t\u0103rii profesionale. Facilit\u0103\u021bi: La frigider cu 2 u\u0219i: 8 containere GN 1 \/ 4-100; La frigider cu 3 u\u0219i: 11 containere GN 1 \/ 4-100; Interval de temperatur\u0103; + 0 \u00b0 C p\u00e2n\u0103 la + 5 \u00b0 C (tropical 43 \u00b0 C); Alimentare: 220 V-230 V -1 + N -50 60 Hz; CFC Free, R-134 A gaz de r\u0103cire; Densitate 40 kg \/ m3; Afi\u0219aj electronic pentru controlul temperaturii \u0219i al dezghe\u021bului; Evaporarea automat\u0103 a apei \u00een timpul dezghe\u021b\u0103rii; Compresor de climatizare deta\u0219abil; Ventilator de r\u0103cire; Rezistent la ozon cu izola\u021bie poliuretanic\u0103 cu o grosime de 48 mm; U\u0219i fixe de 45 de grade cu auto\u00eenchidere; Blat rotunjit; Evaporator cu panou din aluminiu \u0219i \u021bevi de cupru; Suporturi reglabile, din inox, raft interior acoperit din plastic; Carcas\u0103 din inox.<\/p>\n<p>Caracteristici<\/p>\n<p>Dimensiuni: 2000x800x850\/1350 mm<\/p>\n<p>Greutate: 140 kg<\/p>\n<p>Putere: 0,35<\/p>\n<p>Capacitate: 500 l<\/p>\n","protected":false},"excerpt":{"rendered":"<p>Mas\u0103 frigorific\u0103 pentru pizza \u0219i salat\u0103. Dimensiuni: 2000x800x850\/1350 mm; Greutate: 140 kg; Putere: 0,35; Capacitate: 500 l.<\/p>\n","protected":false},"featured_media":12931,"template":"","meta":[],"_links":{"self":[{"href":"https:\/\/evotek.md\/ro\/wp-json\/wp\/v2\/product\/15090"}],"collection":[{"href":"https:\/\/evotek.md\/ro\/wp-json\/wp\/v2\/product"}],"about":[{"href":"https:\/\/evotek.md\/ro\/wp-json\/wp\/v2\/types\/product"}],"wp:featuredmedia":[{"embeddable":true,"href":"https:\/\/evotek.md\/ro\/wp-json\/wp\/v2\/media\/12931"}],"wp:attachment":[{"href":"https:\/\/evotek.md\/ro\/wp-json\/wp\/v2\/media?parent=15090"}],"curies":[{"name":"wp","href":"https:\/\/api.w.org\/{rel}","templated":true}]}}