{"id":15086,"date":"2020-09-17T09:21:15","date_gmt":"2020-09-17T09:22:44","guid":{"rendered":"https:\/\/evotek.md\/?post_type=product&#038;p=15086"},"modified":"2025-09-19T14:20:21","modified_gmt":"2025-09-19T14:20:21","slug":"masa-frigorifica-pentru-pizza-si-salata-emp-200-70-01-pso","status":"publish","type":"product","link":"https:\/\/evotek.md\/ro\/produse\/echipamente-frigorifice\/masa-frigider\/masa-frigorifica-pentru-pizza-si-salata-emp-200-70-01-pso\/","title":{"rendered":"MASA FRIGORIFICA CU SALADETA, 3 USI, 500 LITRI -EMP.200.70.01-PSO"},"content":{"rendered":"<p><strong>MASA FRIGORIFICA CU SALADETA, 3 USI, 500 LITRI -EMP.200.70.01-PSO-<\/strong> pentru buc\u0103t\u0103rii profesionale. Facilit\u0103\u021bi: 1 \/ 4-100 GN cu o capacitate de 1500 mm; 1 \/ 4-100 GN cu o capacitate de 2000 mm; Domeniu de lucru; + 0 \u00b0 C, + 5 \u00b0 C (tropical 43 \u00b0 C); 220 V-230 V -1 + N -50 60 Hz; \u201eF\u0103r\u0103 CFC\u201d, 404 A agent frigorific; densitate 40 kg \/ m3; Indicator electronic de temperatur\u0103 \u0219i temperatur\u0103; Evaporarea automat\u0103 a apei \u00een timpul dezghe\u021b\u0103rii; Compresor ventilat deta\u0219abil; Ventilator de r\u0103cire; Izola\u021bie poliuretanic\u0103 \u201esigur\u0103 la ozon\u201d de 48 mm; U\u0219ile cu \u00eenchidere automat\u0103 se blocheaz\u0103 la 45 de grade; Plac\u0103 rotunjit\u0103 de sus \u00een fa\u021b\u0103; Evaporator cu tub de cupru cu panou din aluminiu; Rafturi ajustabile din inox, raft interior acoperit din plastic; Carcas\u0103 din inox.<\/p>\n<p>Caracteristici<br \/>\nCapacitate: 8 GN 1\/4 h100<br \/>\nGreutate net\u0103: 135 kg<br \/>\nSurs\u0103 de alimentare: Electric\u0103<br \/>\nNum\u0103r de u\u0219i: 3<br \/>\nMaterial dulap \u0219i blat de lucru: O\u021bel inoxidabil<br \/>\nPutere: 0,45 kW<br \/>\nTensiune de alimentare: 220 V<br \/>\nVolum: 500 litri<br \/>\nPanou de control: Electronic<br \/>\nDimensiuni: 2000 x 700 x 850 mm<br \/>\n\u021aara de origine: Turcia<br \/>\nInterval de temperatur\u0103: 0 p\u00e2n\u0103 la +5\u00b0C<br \/>\nTip u\u0219\u0103: Batibil\u0103 solid\u0103<br \/>\nTip r\u0103cire: Dinamic<br \/>\nTip instalare: De podea<br \/>\nCuloarea dulapului: Gri<br \/>\nF\u0103r\u0103 cadru de u\u0219\u0103 sau panou lateral<\/p>\n","protected":false},"excerpt":{"rendered":"<p>Mas\u0103 frigorific\u0103 pentru pizza. Capacitate: 8 GN 1\/4 h100; Greutate net\u0103: 135 kg; Surs\u0103 de alimentare: electric\u0103; Num\u0103r de u\u0219i: 3; Material dulap \u0219i blat de lucru: o\u021bel inoxidabil; Putere: 0,45 kW; Tensiune de alimentare: 220 V; Volum: 500 litri; Panou de control: electronic; Dimensiuni: 2000x700x850 mm; \u021aara de origine: Turcia; Interval de temperatur\u0103: 0 p\u00e2n\u0103 la +5\u00b0C; Tip u\u0219i: batante; Tip r\u0103cire: dinamic; Tip instalare: de podea; Culoarea dulapului: gri; F\u0103r\u0103 bordur \u0219i chiuveta.<\/p>\n<div class=\"product-short-description\">\n<p><em><strong>Aten\u021bie! Recipientele GN nu sunt incluse.<\/strong><\/em><\/p>\n<\/div>\n","protected":false},"featured_media":42785,"template":"","meta":[],"_links":{"self":[{"href":"https:\/\/evotek.md\/ro\/wp-json\/wp\/v2\/product\/15086"}],"collection":[{"href":"https:\/\/evotek.md\/ro\/wp-json\/wp\/v2\/product"}],"about":[{"href":"https:\/\/evotek.md\/ro\/wp-json\/wp\/v2\/types\/product"}],"wp:featuredmedia":[{"embeddable":true,"href":"https:\/\/evotek.md\/ro\/wp-json\/wp\/v2\/media\/42785"}],"wp:attachment":[{"href":"https:\/\/evotek.md\/ro\/wp-json\/wp\/v2\/media?parent=15086"}],"curies":[{"name":"wp","href":"https:\/\/api.w.org\/{rel}","templated":true}]}}