{"id":15059,"date":"2020-09-16T14:35:37","date_gmt":"2020-09-16T14:35:37","guid":{"rendered":"https:\/\/evotek.md\/?post_type=product&#038;p=15059"},"modified":"2020-09-16T14:35:37","modified_gmt":"2020-09-16T14:35:37","slug":"vitrina-frigorifica-pentru-pastrarea-alimentelor-emp-160","status":"publish","type":"product","link":"https:\/\/evotek.md\/ro\/produse\/echipamente-frigorifice\/vitrine-saladete\/vitrina-frigorifica-pentru-pastrarea-alimentelor-emp-160\/","title":{"rendered":"VITRIN\u0102 FRIGORIFIC\u0102 PENTRU P\u0102STRAREA ALIMENTELOR -EMP.160"},"content":{"rendered":"<p><strong>VITRIN\u0102 FRIGORIFIC\u0102 PENTRU P\u0102STRAREA ALIMENTELOR -EMP.160-<\/strong> Vitrine frigorifice de mas\u0103 concepute pentru depozitarea \u0219i p\u0103strarea alimentelor pe termen scurt \u0219i demonstrarea produselor pre-refrigerate (salate, aperitive, m\u00e2nc\u0103ruri) \u00een magazine, cafenele, baruri, restaurante, sushi baruri. Cel mai utilizat \u00een pizzerii pentru depozitarea topping-urilor (toppinguri pentru pizza). Capacitate pentru 1600 mm: 7 buc\u0103\u021bi de 1 \/ 4-400 recipient gastronorm. Capacitate pentru 2100 mm: 9 buc\u0103\u021bi de 1 \/ 4-100 recipient gastronorm.<\/p>\n<p>Caracteristici<\/p>\n<p>Dimensiuni: 1600x350x500 mm<\/p>\n<p>Greutate: 45 kg<\/p>\n<p>Putere: 0,2<\/p>\n","protected":false},"excerpt":{"rendered":"<p>Vitrin\u0103 frigorific\u0103 de mas\u0103 pentru p\u0103strarea alimentelor. Dimensiuni: 1600x350x500 mm; Greutate: 45 kg; Putere: 0,2.<\/p>\n","protected":false},"featured_media":15057,"template":"","meta":[],"_links":{"self":[{"href":"https:\/\/evotek.md\/ro\/wp-json\/wp\/v2\/product\/15059"}],"collection":[{"href":"https:\/\/evotek.md\/ro\/wp-json\/wp\/v2\/product"}],"about":[{"href":"https:\/\/evotek.md\/ro\/wp-json\/wp\/v2\/types\/product"}],"wp:featuredmedia":[{"embeddable":true,"href":"https:\/\/evotek.md\/ro\/wp-json\/wp\/v2\/media\/15057"}],"wp:attachment":[{"href":"https:\/\/evotek.md\/ro\/wp-json\/wp\/v2\/media?parent=15059"}],"curies":[{"name":"wp","href":"https:\/\/api.w.org\/{rel}","templated":true}]}}