{"id":15052,"date":"2020-09-16T10:43:05","date_gmt":"2020-09-16T10:43:53","guid":{"rendered":"https:\/\/evotek.md\/?post_type=product&#038;p=15052"},"modified":"2023-02-21T10:14:08","modified_gmt":"2023-02-21T10:14:08","slug":"grill-pe-gaz-pentru-30-gaini-emp-pls-5eg","status":"publish","type":"product","link":"https:\/\/evotek.md\/ro\/produse\/echipamente-termice\/grill-pentru-gaini\/grill-pe-gaz-pentru-30-gaini-emp-pls-5eg\/","title":{"rendered":"GRILL PE GAZ PENTRU 30 PUI -EMP.PLS.5EG"},"content":{"rendered":"<p><strong>GRILL PE GAZ PENTRU 30 PUI -EMP.PLS.5EG- <\/strong>Grill pe gaz pentru g\u0103ini cu cinci ace, \u00een fiecare ac \u00eencap 6 g\u0103ini. Se utilizeaz\u0103 \u00een unit\u0103\u021bi de alimenta\u021bie public\u0103 \u0219i supermarketuri alimentare. Fiecare ac poate fi controlat separat. Facilit\u0103\u021bi: U\u0219i din sticl\u0103 c\u0103lit\u0103 rezistente la c\u0103ldur\u0103; Sistemul de transmisie din o\u021bel asigur\u0103 o func\u021bionare silen\u021bioas\u0103; Acele \u0219i m\u00e2nerele u\u0219ilor sunt fabricate din bakelit\u0103 rezistent\u0103 la c\u0103ldur\u0103; Echipamentul electric este rezistent la temperaturi ridicate; Carcasa este din inox; Asigur\u0103 \u00eentre\u021binerea \u0219i cur\u0103\u021barea u\u0219oar\u0103.<\/p>\n<p>Caracteristici<\/p>\n<p>Consum de energie: 24 kW<\/p>\n<p>Greutate: 193 kg<\/p>\n<p>Dimensiune: 1100x480x2030 mm<\/p>\n<p>Capacitate: 30 g\u0103ini<\/p>\n<p>&nbsp;<\/p>\n","protected":false},"excerpt":{"rendered":"<p>Grill pe gaz pentru g\u0103ini cu o capacitate de 30 g\u0103ini. Consum de energie: 24 kW; Greutate: 193 kg; Dimensiune: 1100x480x2030 mm.<\/p>\n","protected":false},"featured_media":15048,"template":"","meta":[],"_links":{"self":[{"href":"https:\/\/evotek.md\/ro\/wp-json\/wp\/v2\/product\/15052"}],"collection":[{"href":"https:\/\/evotek.md\/ro\/wp-json\/wp\/v2\/product"}],"about":[{"href":"https:\/\/evotek.md\/ro\/wp-json\/wp\/v2\/types\/product"}],"wp:featuredmedia":[{"embeddable":true,"href":"https:\/\/evotek.md\/ro\/wp-json\/wp\/v2\/media\/15048"}],"wp:attachment":[{"href":"https:\/\/evotek.md\/ro\/wp-json\/wp\/v2\/media?parent=15052"}],"curies":[{"name":"wp","href":"https:\/\/api.w.org\/{rel}","templated":true}]}}