{"id":15038,"date":"2020-09-16T10:13:22","date_gmt":"2020-09-16T10:14:02","guid":{"rendered":"https:\/\/evotek.md\/?post_type=product&#038;p=15038"},"modified":"2023-02-21T10:13:52","modified_gmt":"2023-02-21T10:13:52","slug":"emp-3eg","status":"publish","type":"product","link":"https:\/\/evotek.md\/ro\/produse\/echipamente-termice\/grill-pentru-gaini\/emp-3eg\/","title":{"rendered":"GRILL PE GAZ PENTRU 18 PUI -EMP.3EG"},"content":{"rendered":"<p><strong>GRILL PE GAZ PENTRU 18 PUI -EMP.3EG- <\/strong>Grill pe gaz pentru g\u0103ini cu trei ace, \u00een fiecare ac \u00eencap 6 g\u0103ini. Se utilizeaz\u0103 \u00een unit\u0103\u021bi de alimenta\u021bie public\u0103 \u0219i supermarketuri alimentare. Fiecare ac poate fi controlat separat. Facilit\u0103\u021bi: Valva de siguran\u021b\u0103; Func\u021bioneaz\u0103 de un emi\u021b\u0103tor \u0219i fiecare emi\u021b\u0103tor poate fi controlat separat; U\u0219i din sticl\u0103 c\u0103lit\u0103 rezistente la c\u0103ldur\u0103; Sistemul de transmisie din o\u021bel asigur\u0103 o func\u021bionare silen\u021bioas\u0103; Acele \u0219i m\u00e2nerele u\u0219ilor sunt fabricate din bakelit\u0103 rezistent\u0103 la c\u0103ldur\u0103; Echipamentul electric este rezistent la temperaturi ridicate; Carcasa este din inox; Asigur\u0103 \u00eentre\u021binerea \u0219i cur\u0103\u021barea u\u0219oar\u0103.<\/p>\n<p>Caracteristici<\/p>\n<p>Consum de energie: 12 kW<\/p>\n<p>Greutate: 86 kg<\/p>\n<p>Dimensiune: 1098\u00d7480\u00d7820 mm<\/p>\n<p>Capacitate: 18 g\u0103ini<\/p>\n<p>&nbsp;<\/p>\n","protected":false},"excerpt":{"rendered":"<p>Grill pe gaz pentru g\u0103ini cu o capacitate de 18 g\u0103ini. Consum de energie: 12 kW; Greutate: 86 kg; Dimensiune: 1098\u00d7480\u00d7820 mm.<\/p>\n","protected":false},"featured_media":15028,"template":"","meta":[],"_links":{"self":[{"href":"https:\/\/evotek.md\/ro\/wp-json\/wp\/v2\/product\/15038"}],"collection":[{"href":"https:\/\/evotek.md\/ro\/wp-json\/wp\/v2\/product"}],"about":[{"href":"https:\/\/evotek.md\/ro\/wp-json\/wp\/v2\/types\/product"}],"wp:featuredmedia":[{"embeddable":true,"href":"https:\/\/evotek.md\/ro\/wp-json\/wp\/v2\/media\/15028"}],"wp:attachment":[{"href":"https:\/\/evotek.md\/ro\/wp-json\/wp\/v2\/media?parent=15038"}],"curies":[{"name":"wp","href":"https:\/\/api.w.org\/{rel}","templated":true}]}}