{"id":14929,"date":"2020-09-07T07:40:57","date_gmt":"2020-09-07T07:41:58","guid":{"rendered":"https:\/\/evotek.md\/?post_type=product&#038;p=14929"},"modified":"2023-03-02T15:35:54","modified_gmt":"2023-03-02T15:35:54","slug":"vitrina-frigorifica-pentru-ingrediente-1400-st-844641","status":"publish","type":"product","link":"https:\/\/evotek.md\/ro\/produse\/echipamente-frigorifice\/vitrine-saladete\/vitrina-frigorifica-pentru-ingrediente-1400-st-844641\/","title":{"rendered":"VITRINA SALADETA, GN1\/4&#215;6, 140 cm -ST-844641"},"content":{"rendered":"<p><strong>VITRINA SALADETA, GN1\/4&#215;6, 140 cm -ST-844641- <\/strong>Vitrin\u0103 frigorific\u0103 din sticl\u0103 din inox pentru industria alimentara, echipat\u0103 cu control electronic al temperaturii, iluminare cu LED \u0219i afi\u0219aj digital. Corpul este fabricat din inox ce ofer\u0103 o cur\u0103\u021bare u\u0219oar\u0103.<\/p>\n<p>Caracteristici<\/p>\n<p>Capacitate: 6xGN 1\/4<\/p>\n<p>Parametri: 1400x335x427 mm<\/p>\n<p>Putere: 0,11 kW<\/p>\n<p>Temperatura: +2\/ +8 \u00b0 C<\/p>\n<p>Conexiune: 230 V<\/p>\n<p>&nbsp;<\/p>\n","protected":false},"excerpt":{"rendered":"<p>Vitrin\u0103 frigorific\u0103 pentru ingrediente, de mas\u0103, cu capacitatea 6xGN 1\/4. Parametri: 1400x335x427 mm; Putere: 0,11 kW; Temperatura: +2\/ +8 \u00b0 C; Conexiune: 230 V.<\/p>\n<p>&nbsp;<\/p>\n","protected":false},"featured_media":14928,"template":"","meta":[],"_links":{"self":[{"href":"https:\/\/evotek.md\/ro\/wp-json\/wp\/v2\/product\/14929"}],"collection":[{"href":"https:\/\/evotek.md\/ro\/wp-json\/wp\/v2\/product"}],"about":[{"href":"https:\/\/evotek.md\/ro\/wp-json\/wp\/v2\/types\/product"}],"wp:featuredmedia":[{"embeddable":true,"href":"https:\/\/evotek.md\/ro\/wp-json\/wp\/v2\/media\/14928"}],"wp:attachment":[{"href":"https:\/\/evotek.md\/ro\/wp-json\/wp\/v2\/media?parent=14929"}],"curies":[{"name":"wp","href":"https:\/\/api.w.org\/{rel}","templated":true}]}}