{"id":14924,"date":"2020-09-07T07:28:40","date_gmt":"2020-09-07T07:28:40","guid":{"rendered":"https:\/\/evotek.md\/?post_type=product&#038;p=14924"},"modified":"2020-09-07T07:28:40","modified_gmt":"2020-09-07T07:28:40","slug":"cuptor-pentru-9-pizza-o-300-%d0%bc%d0%bc-emp-99","status":"publish","type":"product","link":"https:\/\/evotek.md\/ro\/produse\/echipamente-termice\/cuptoare-pentru-pizza-cuptoare\/cuptor-pentru-9-pizza-o-300-%d0%bc%d0%bc-emp-99\/","title":{"rendered":"CUPTOR PENTRU 9 PIZZA \u00d8 300 \u043c\u043c -EMP.9+9"},"content":{"rendered":"<p><strong>CUPTOR PENTRU 9 PIZZA<\/strong> <strong>\u00d8 300 <\/strong><strong>\u043c\u043c<\/strong><strong> -EMP.9+9- <\/strong>Cuptoru cu dou\u0103 camere controlate electromecanic au un panou frontal din inox, un corp din o\u021bel vopsit; corpul c\u0103ptu\u0219elii cuptorului este fabricat din inox de \u00eenalt\u0103 calitate; temperatura din interiorul camerei este controlat\u0103 de un indicator digital de pe panoul frontal al cuptorului; fundul cuptorului este c\u0103ptu\u0219it cu pl\u0103ci ceramice speciale care men\u021bin o temperatur\u0103 ridicat\u0103 \u00een camer\u0103 pentru o lung\u0103 perioad\u0103 de timp, u\u0219or se scot \u0219i se cur\u0103\u021b\u0103; iluminatul intern v\u0103 permite s\u0103 controla\u021bi procesul de coacere f\u0103r\u0103 a deschide cuptorul; control manual cu m\u00e2nere confortabile. Putere reglabil\u0103 de sus \u0219i de jos, baza de piatr\u0103 asigur\u0103 g\u0103tit uniform.<\/p>\n<p>Caracteristici<\/p>\n<p>Greutate: 220 kg<\/p>\n<p>Num\u0103r de u\u0219i: 2<\/p>\n<p>Putere: 30 kW<\/p>\n<p>Tensiunea de alimentare: 380 V<\/p>\n<p>Dimensiune: 1190\u04451110\u0445760 mm<\/p>\n<p>Dimensiuni interioare: 920x920x174 mm<\/p>\n<p>Intervalul de temperatur\u0103: +50 &#8230; + 400 \u0421<\/p>\n<p>&nbsp;<\/p>\n","protected":false},"excerpt":{"rendered":"<p>Cuptor cu doua camere pentru pizza cu o capacitate de 9 pizza diametru 300 mm: Greutate: 220 kg; Num\u0103r de u\u0219i: 2; Putere: 30 kW; Tensiunea de alimentare: 380 V; Dimensiune: 1190\u04451110\u0445760 mm; Dimensiuni interioare: 920x920x174 mm; Intervalul de temperatur\u0103: +50 &#8230; + 400 \u0421.<\/p>\n","protected":false},"featured_media":14917,"template":"","meta":[],"_links":{"self":[{"href":"https:\/\/evotek.md\/ro\/wp-json\/wp\/v2\/product\/14924"}],"collection":[{"href":"https:\/\/evotek.md\/ro\/wp-json\/wp\/v2\/product"}],"about":[{"href":"https:\/\/evotek.md\/ro\/wp-json\/wp\/v2\/types\/product"}],"wp:featuredmedia":[{"embeddable":true,"href":"https:\/\/evotek.md\/ro\/wp-json\/wp\/v2\/media\/14917"}],"wp:attachment":[{"href":"https:\/\/evotek.md\/ro\/wp-json\/wp\/v2\/media?parent=14924"}],"curies":[{"name":"wp","href":"https:\/\/api.w.org\/{rel}","templated":true}]}}