{"id":14918,"date":"2020-09-04T15:04:57","date_gmt":"2020-09-04T15:05:53","guid":{"rendered":"https:\/\/evotek.md\/?post_type=product&#038;p=14918"},"modified":"2020-09-04T15:05:53","modified_gmt":"2020-09-04T15:05:53","slug":"cuptor-pentru-10-pizza-o-300-%d0%bc%d0%bc-emp-66","status":"publish","type":"product","link":"https:\/\/evotek.md\/ro\/produse\/echipamente-termice\/cuptoare-pentru-pizza-cuptoare\/cuptor-pentru-10-pizza-o-300-%d0%bc%d0%bc-emp-66\/","title":{"rendered":"CUPTOR PENTRU 10 PIZZA \u00d8 300 \u043c\u043c -EMP.6+6"},"content":{"rendered":"<p><strong>CUPTOR PENTRU 10 PIZZA<\/strong> <strong>\u00d8 300 <\/strong><strong>\u043c\u043c<\/strong><strong> -EMP.6+6- <\/strong>Cuptorul pentru pizza cu camer\u0103 dubl\u0103 este echipat cu un afi\u0219aj digital al temperaturii pentru un control mai bun. Cu u\u0219i de sticl\u0103 pentru o vizibilitate \u00eembun\u0103t\u0103\u021bit\u0103. \u00cenc\u0103lzirea superioar\u0103 \u0219i inferioar\u0103 sunt controlate de comutatoare rotative. Modelul poate fi instalat pe rafturi sau pe un desktop. Igienic, u\u0219or de cur\u0103\u021bat, nu necesit\u0103 \u00eentre\u021binere suplimentar\u0103. Ofer\u0103 preg\u0103tirea pizza de cea mai bun\u0103 calitate \u00een buc\u0103t\u0103riile profesionale de alimenta\u021bie public\u0103.<\/p>\n<p>Caracteristici<\/p>\n<p>Capacitate: 10 pizza diametru 300 mm<\/p>\n<p>Greutate: 170 kg<\/p>\n<p>Putere: 15 kW<\/p>\n<p>Tensiunea de alimentare: 380 V<\/p>\n<p>Panou de control: mecanic<\/p>\n<p>Dimensiune: 1190\u0445810\u0445760<\/p>\n<p>Intervalul de temperatur\u0103: +50 &#8230; + 400 \u0421<\/p>\n<p>Nivele: 2<\/p>\n<p>&nbsp;<\/p>\n","protected":false},"excerpt":{"rendered":"<p>Cuptor cu doua camere pentru pizza cu o capacitate de 10 pizza diametru 300 mm: Greutate: 170 kg; Putere: 15 kW; Tensiunea de alimentare: 380 V; Panou de control: mecanic; Dimensiune: 1190\u0445810\u0445760; Interval de temperatur\u0103: +50 &#8230; + 400 \u0421; Nivele: 2.<\/p>\n","protected":false},"featured_media":42718,"template":"","meta":[],"_links":{"self":[{"href":"https:\/\/evotek.md\/ro\/wp-json\/wp\/v2\/product\/14918"}],"collection":[{"href":"https:\/\/evotek.md\/ro\/wp-json\/wp\/v2\/product"}],"about":[{"href":"https:\/\/evotek.md\/ro\/wp-json\/wp\/v2\/types\/product"}],"wp:featuredmedia":[{"embeddable":true,"href":"https:\/\/evotek.md\/ro\/wp-json\/wp\/v2\/media\/42718"}],"wp:attachment":[{"href":"https:\/\/evotek.md\/ro\/wp-json\/wp\/v2\/media?parent=14918"}],"curies":[{"name":"wp","href":"https:\/\/api.w.org\/{rel}","templated":true}]}}