{"id":14906,"date":"2020-09-04T14:15:44","date_gmt":"2020-09-04T14:15:44","guid":{"rendered":"https:\/\/evotek.md\/?post_type=product&#038;p=14906"},"modified":"2021-02-08T14:16:51","modified_gmt":"2021-02-08T14:16:51","slug":"cuptor-pentru-pizza-emp-9-o-300-mm-x9-pizza","status":"publish","type":"product","link":"https:\/\/evotek.md\/ro\/produse\/echipamente-termice\/cuptoare-pentru-pizza-cuptoare\/cuptor-pentru-pizza-emp-9-o-300-mm-x9-pizza\/","title":{"rendered":"CUPTOR PENTRU 9 PIZZA \u00d8 300 mm x9 -EMP.9"},"content":{"rendered":"<p><strong>CUPTOR PENTRU 9 PIZZA \u00d8 300 mm x9 -EMP.9- <\/strong>Cuptorul pentru pizza este utilizat \u00een unit\u0103\u021bile de alimenta\u021bie public\u0103 \u0219i comer\u021b pentru a preg\u0103ti \u0219i \u00eenc\u0103lzi pizza, sandvi\u0219urile calde, p\u00e2inea \u0219i produsele de patiserie. Modelul este echipat cu un panou de control mecanic u\u0219or de utilizat \u0219i un indicator digital al temperaturii din interiorul camerei. Facilit\u0103\u021bi: Capacitatea de a regla puterea \u00eenc\u0103lzirii superioare \u0219i inferioare folosind comutatoare rotative; O u\u0219\u0103 cu inser\u021bie de sticl\u0103 v\u0103 permite s\u0103 observa\u021bi procesul de g\u0103tit; Suprafa\u021b\u0103 de pr\u0103jire din material refractar; Igienic \u0219i u\u0219or de cur\u0103\u021bat.<\/p>\n<p>Caracteristici<\/p>\n<p>Conexiune: 380 V<\/p>\n<p>Capacitate pizza: 9<\/p>\n<p>Num\u0103rul camerelor palete: 1<\/p>\n<p>Num\u0103rul de pizza \u00eentr-o camer\u0103: 9<\/p>\n<p>Dimensiuni camer\u0103: 920x920x174 mm<\/p>\n<p>Diametru pizza: 300 m<\/p>\n<p>Putere: 15 kW<\/p>\n<p>Parametri: 1190x1100x435 mm<\/p>\n<p>Greutate: 120 kg<\/p>\n<p>&nbsp;<\/p>\n","protected":false},"excerpt":{"rendered":"<p>Cuptor pentru pizza 300 mm x9 pizza. Conexiune: 380V; Capacitate pizza: 9; Num\u0103rul camerelor palete: 1; Num\u0103rul de pizza \u00eentr-o camer\u0103: 9; Dimensiuni camer\u0103: 920x920x174 mm; Diametru pizza: 25 cm; Putere: 15 kW; Parametri: 1190x1100x435 mm; Greutate: 120 kg.<\/p>\n","protected":false},"featured_media":14905,"template":"","meta":[],"_links":{"self":[{"href":"https:\/\/evotek.md\/ro\/wp-json\/wp\/v2\/product\/14906"}],"collection":[{"href":"https:\/\/evotek.md\/ro\/wp-json\/wp\/v2\/product"}],"about":[{"href":"https:\/\/evotek.md\/ro\/wp-json\/wp\/v2\/types\/product"}],"wp:featuredmedia":[{"embeddable":true,"href":"https:\/\/evotek.md\/ro\/wp-json\/wp\/v2\/media\/14905"}],"wp:attachment":[{"href":"https:\/\/evotek.md\/ro\/wp-json\/wp\/v2\/media?parent=14906"}],"curies":[{"name":"wp","href":"https:\/\/api.w.org\/{rel}","templated":true}]}}