{"id":14900,"date":"2020-09-04T13:45:43","date_gmt":"2020-09-04T13:46:36","guid":{"rendered":"https:\/\/evotek.md\/?post_type=product&#038;p=14900"},"modified":"2023-03-02T15:23:42","modified_gmt":"2023-03-02T15:23:42","slug":"vitrina-frigorifica-pentru-ingrediente-1200-st-844540","status":"publish","type":"product","link":"https:\/\/evotek.md\/ro\/produse\/echipamente-frigorifice\/vitrine-saladete\/vitrina-frigorifica-pentru-ingrediente-1200-st-844540\/","title":{"rendered":"VITRINA SALADETA, GN1\/4&#215;5, 120 cm -ST-844540"},"content":{"rendered":"<p><strong>VITRINA SALADETA, GN1\/4&#215;5, 120 cm -ST-844540- <\/strong>Vitrin\u0103 frigorific\u0103 din sticl\u0103 din inox pentru industria alimentara, echipat\u0103 cu control electronic al temperaturii, iluminare cu LED \u0219i afi\u0219aj digital. Corpul este fabricat din inox ce ofer\u0103 o cur\u0103\u021bare u\u0219oar\u0103.<\/p>\n<p>Caracteristici<\/p>\n<p>Capacitate: 5xGN 1\/4<\/p>\n<p>Dimensiuni: 1200x335x435 mm<\/p>\n<p>Putere: 0,11 kW<\/p>\n<p>Temperatura: 2\/8 \u00b0 C<\/p>\n<p>Conexiune: 230 V<\/p>\n<p>&nbsp;<\/p>\n","protected":false},"excerpt":{"rendered":"<p>Vitrin\u0103 frigorific\u0103 pentru ingrediente, de mas\u0103, cu capacitatea 5xGN 1\/4. Dimensiuni: 1200x335x427 mm; Putere: 0,11 kW; Temperatura: 2\/8 \u00b0 C; Conexiune: 230 V.<\/p>\n","protected":false},"featured_media":14899,"template":"","meta":[],"_links":{"self":[{"href":"https:\/\/evotek.md\/ro\/wp-json\/wp\/v2\/product\/14900"}],"collection":[{"href":"https:\/\/evotek.md\/ro\/wp-json\/wp\/v2\/product"}],"about":[{"href":"https:\/\/evotek.md\/ro\/wp-json\/wp\/v2\/types\/product"}],"wp:featuredmedia":[{"embeddable":true,"href":"https:\/\/evotek.md\/ro\/wp-json\/wp\/v2\/media\/14899"}],"wp:attachment":[{"href":"https:\/\/evotek.md\/ro\/wp-json\/wp\/v2\/media?parent=14900"}],"curies":[{"name":"wp","href":"https:\/\/api.w.org\/{rel}","templated":true}]}}