{"id":14885,"date":"2020-09-01T13:18:35","date_gmt":"2020-09-01T13:19:05","guid":{"rendered":"https:\/\/evotek.md\/?post_type=product&#038;p=14885"},"modified":"2023-03-21T08:55:35","modified_gmt":"2023-03-21T08:55:35","slug":"grill-contact-16-r78","status":"publish","type":"product","link":"https:\/\/evotek.md\/ro\/produse\/echipamente-termice\/grill-contact-panini-sandwich-2\/grill-contact-16-r78\/","title":{"rendered":"GRILL CONTACT ELECTRIC, RIFLAT REMTA-R78"},"content":{"rendered":"<p><strong>GRILL CONTACT ELECTRIC, RIFLAT REMTA-R78-<\/strong> Dispozitivul este destinat pentru institu\u021biile alimenta\u021biei publice precum cafenele, restaurante, facilit\u0103\u021bi turistice, bufete. Ofer\u0103 performan\u021be bune pentru utilizarea frecvent\u0103. Carcasa din inox. M\u00e2nerele din plastic izolate termic. Grill-ul poate pr\u0103ji concomitent 16 tooastere standarde p\u0103trate.<\/p>\n<p>Caracteristici<\/p>\n<p>Dimensiuni generale: 450x400x290 mm<\/p>\n<p>Dimensiunea suprafe\u021bei de lucru: 36&#215;25 cm<\/p>\n<p>Greutate: 19,5 kg<\/p>\n<p>Putere: 1200 W<\/p>\n<p>&nbsp;<\/p>\n","protected":false},"excerpt":{"rendered":"<p>Gril contact 16. Dimensiuni generale: 450x400x290 mm; Dimensiunea suprafe\u021bei de lucru: 36&#215;25 cm; Greutate: 19,5 kg; Putere: 1200 W.<\/p>\n","protected":false},"featured_media":14884,"template":"","meta":[],"_links":{"self":[{"href":"https:\/\/evotek.md\/ro\/wp-json\/wp\/v2\/product\/14885"}],"collection":[{"href":"https:\/\/evotek.md\/ro\/wp-json\/wp\/v2\/product"}],"about":[{"href":"https:\/\/evotek.md\/ro\/wp-json\/wp\/v2\/types\/product"}],"wp:featuredmedia":[{"embeddable":true,"href":"https:\/\/evotek.md\/ro\/wp-json\/wp\/v2\/media\/14884"}],"wp:attachment":[{"href":"https:\/\/evotek.md\/ro\/wp-json\/wp\/v2\/media?parent=14885"}],"curies":[{"name":"wp","href":"https:\/\/api.w.org\/{rel}","templated":true}]}}