{"id":14880,"date":"2020-09-01T13:17:43","date_gmt":"2020-09-01T13:17:43","guid":{"rendered":"https:\/\/evotek.md\/?post_type=product&#038;p=14880"},"modified":"2020-09-01T13:17:43","modified_gmt":"2020-09-01T13:17:43","slug":"grill-contact-20-r79","status":"publish","type":"product","link":"https:\/\/evotek.md\/ro\/produse\/echipamente-termice\/grill-contact-panini-sandwich-2\/grill-contact-20-r79\/","title":{"rendered":"GRILL CONTACT 20 -R79"},"content":{"rendered":"<p><strong>GRILL CONTACT 20 -R79-<\/strong> Dispozitivul este destinat pentru institu\u021biile alimenta\u021biei publice precum cafenele, restaurante, facilit\u0103\u021bi turistice, bufete. Ofer\u0103 performan\u021be bune pentru utilizarea frecvent\u0103. Carcasa din inox. M\u00e2nerele din plastic izolate termic. Grill-ul poate pr\u0103ji concomitent 20 de tooastere standarde p\u0103trate.<\/p>\n<p>Caracteristici<\/p>\n<p>Dimensiuni generale: 570x480x285 mm<\/p>\n<p>Dimensiunea suprafe\u021bei de lucru: 46&#215;27 cm<\/p>\n<p>Greutate: 27 kg<\/p>\n<p>Putere: 1500 W<\/p>\n<p>&nbsp;<\/p>\n","protected":false},"excerpt":{"rendered":"<p>Gril contact 20. Dimensiuni generale: 570x480x285 mm; Dimensiunea suprafe\u021bei de lucru: 46&#215;27 cm; Greutate: 27 kg; Putere: 1500 W.<\/p>\n","protected":false},"featured_media":14879,"template":"","meta":[],"_links":{"self":[{"href":"https:\/\/evotek.md\/ro\/wp-json\/wp\/v2\/product\/14880"}],"collection":[{"href":"https:\/\/evotek.md\/ro\/wp-json\/wp\/v2\/product"}],"about":[{"href":"https:\/\/evotek.md\/ro\/wp-json\/wp\/v2\/types\/product"}],"wp:featuredmedia":[{"embeddable":true,"href":"https:\/\/evotek.md\/ro\/wp-json\/wp\/v2\/media\/14879"}],"wp:attachment":[{"href":"https:\/\/evotek.md\/ro\/wp-json\/wp\/v2\/media?parent=14880"}],"curies":[{"name":"wp","href":"https:\/\/api.w.org\/{rel}","templated":true}]}}