{"id":14832,"date":"2020-08-10T11:38:25","date_gmt":"2020-08-10T11:41:59","guid":{"rendered":"https:\/\/evotek.md\/?post_type=product&#038;p=14832"},"modified":"2023-02-27T15:01:37","modified_gmt":"2023-02-27T15:01:37","slug":"incalzitor-electric-9l-st-432115","status":"publish","type":"product","link":"https:\/\/evotek.md\/ro\/produse\/echipamente-pentru-fast-food\/supiere-2\/incalzitor-electric-9l-st-432115\/","title":{"rendered":"SUPIERA, 9 LITRI -ST-432115"},"content":{"rendered":"<p><strong>SUPIERA, 9 LITRI -ST-432115- <\/strong>recomandat pentru supe, sosuri \u0219i creme. Carcasa este realizat\u0103 din o\u021bel vopsit. \u00cenc\u0103lzitorul este echipat cu un capac cu loc pentru lingur\u0103 \u0219i un \u00eenc\u0103lzitor cu termostat. Temperatura din dispozitiv este reglat\u0103 \u00een intervalul de la 65C la 95C \u00een pa\u0219i de 1C.<\/p>\n<p>Caracteristici:<\/p>\n<p>Parametri: 340&#215;395 mm<\/p>\n<p>Capacitate: 9L<\/p>\n<p>Putere electric\u0103: 0,4 kW<\/p>\n<p>Tensiune: 230V<\/p>\n<p>&nbsp;<\/p>\n","protected":false},"excerpt":{"rendered":"<p>\u00cenc\u0103lzitor electric cu o capacitate de 9 litri. Parametri: 340&#215;395 mm; Putere electrica: 0,4 kW; Tensiune: 230 V.<\/p>\n","protected":false},"featured_media":14831,"template":"","meta":[],"_links":{"self":[{"href":"https:\/\/evotek.md\/ro\/wp-json\/wp\/v2\/product\/14832"}],"collection":[{"href":"https:\/\/evotek.md\/ro\/wp-json\/wp\/v2\/product"}],"about":[{"href":"https:\/\/evotek.md\/ro\/wp-json\/wp\/v2\/types\/product"}],"wp:featuredmedia":[{"embeddable":true,"href":"https:\/\/evotek.md\/ro\/wp-json\/wp\/v2\/media\/14831"}],"wp:attachment":[{"href":"https:\/\/evotek.md\/ro\/wp-json\/wp\/v2\/media?parent=14832"}],"curies":[{"name":"wp","href":"https:\/\/api.w.org\/{rel}","templated":true}]}}