{"id":14819,"date":"2020-08-10T11:26:09","date_gmt":"2020-08-10T11:26:09","guid":{"rendered":"https:\/\/evotek.md\/?post_type=product&#038;p=14819"},"modified":"2022-09-13T06:59:49","modified_gmt":"2022-09-13T06:59:49","slug":"grill-pentru-hot-dog-%d0%ba%d0%b8%d0%b9-%d0%b2-%d0%b3%d1%80-7","status":"publish","type":"product","link":"https:\/\/evotek.md\/ro\/produse\/echipamente-pentru-fast-food\/roller-grill\/grill-pentru-hot-dog-%d0%ba%d0%b8%d0%b9-%d0%b2-%d0%b3%d1%80-7\/","title":{"rendered":"GRILL PENTRU HOT-DOG (ROLLER GRILL) \u041a\u0418\u0419-\u0412 \u0413\u0420-7"},"content":{"rendered":"<p>Caracteristici<\/p>\n<p>Putere: 1,8 kW<\/p>\n<p>Tensiune: 220 V<\/p>\n<p>Dimensiuni generale: : 530x480x175 mm<\/p>\n<p>Num\u0103rul de role: 7 buc<\/p>\n","protected":false},"excerpt":{"rendered":"<p>Acest grill garanteaz\u0103 pr\u0103jirea rapid\u0103 \u0219i de \u00eenalt\u0103 calitate a c\u00e2rn\u0103ciorilor, mezelurilor \u0219i altele. Cel mai des sunt folosite la \u00eentreprinderile de fast-food. Materialul carcasei: o\u021bel inoxidabil; Materialul rolelor: o\u021bel inoxidabil. Roller Grill cu 7 role.<\/p>\n","protected":false},"featured_media":14826,"template":"","meta":[],"_links":{"self":[{"href":"https:\/\/evotek.md\/ro\/wp-json\/wp\/v2\/product\/14819"}],"collection":[{"href":"https:\/\/evotek.md\/ro\/wp-json\/wp\/v2\/product"}],"about":[{"href":"https:\/\/evotek.md\/ro\/wp-json\/wp\/v2\/types\/product"}],"wp:featuredmedia":[{"embeddable":true,"href":"https:\/\/evotek.md\/ro\/wp-json\/wp\/v2\/media\/14826"}],"wp:attachment":[{"href":"https:\/\/evotek.md\/ro\/wp-json\/wp\/v2\/media?parent=14819"}],"curies":[{"name":"wp","href":"https:\/\/api.w.org\/{rel}","templated":true}]}}