{"id":14793,"date":"2020-08-10T09:50:59","date_gmt":"2020-08-10T09:50:59","guid":{"rendered":"https:\/\/evotek.md\/?post_type=product&#038;p=14793"},"modified":"2021-06-18T13:43:10","modified_gmt":"2021-06-18T13:43:10","slug":"cuptor-cu-convectie-electric-mec-pe43mu","status":"publish","type":"product","link":"https:\/\/evotek.md\/ro\/produse\/echipamente-termice\/cuptoare-cu-convectie-cuptoare\/cuptor-cu-convectie-electric-mec-pe43mu\/","title":{"rendered":"CUPTOR CU CONVEC\u021aIE ELECTRIC -MEC PE43MU.1B"},"content":{"rendered":"<p><strong>CUPTOR CU CONVEC\u021aIE<\/strong> <strong>ELECTRIC -MEC PE43MU.1B- <\/strong>Cuptor cu convec\u021bie pentru patiserie cu 4 t\u0103vi. Construc\u021bie \u0219i interior fabricat din inox, iluminat interior, putere mai mare a motorului ventilatorului cu element de \u00eenc\u0103lzire mai mare, camer\u0103 de copt cu margini rotunjite pentru cur\u0103\u021bare u\u0219oar\u0103, ventilator automat invertor. Cuptorul are un programator pentru oprirea g\u0103titului 0-120 &#8216;\/ 99 programe de g\u0103tit, 1-2 motoare cu invertor.<\/p>\n<p><strong>*Pentru a beneficia de garan\u021bie este obligatoriu de a fi instalat filtru DVA pentru acest echipament.<\/strong><\/p>\n<p>Caracteristici<\/p>\n<p>Capacitate de \u00eenc\u0103rcare: 4 t\u0103vi 450&#215;340 mm<\/p>\n<p>Greutate: 36 kg<\/p>\n<p>Dimensiuni exterioare: 560x595x580 mm<\/p>\n<p>Temperatur\u0103: 30 &#8211; 260 \u00b0 \u0421<\/p>\n<p>Distan\u021ba dintre t\u0103vi: 75 mm<\/p>\n<p>Putere: 3,1 kW<\/p>\n<p>Tensiune: 230\/400 V &#8211; 50\/60 Hz<\/p>\n<p>&nbsp;<\/p>\n","protected":false},"excerpt":{"rendered":"<p>Cuptor cu convec\u021bie, 4 t\u0103vi x450x340 mm &#8211; GN 1\/1. Greutate: 36 kg; Dimensiuni exterioare: 560x595x580 mm; Temperatur\u0103: 30 &#8211; 260 \u00b0 \u0421; Distan\u021ba dintre t\u0103vi: 75 mm; Putere: 3,1 kW; Tensiune: 230\/400 V &#8211; 50\/60 Hz<\/p>\n<p><strong>*T\u0103vile GN \u0219i t\u0103vile pentru patiserie nu sunt incluse \u00een set.<\/strong><br \/>\n<strong>*Recomand\u0103m instalarea adi\u021bional\u0103 a unui filtru DVA pentru o bun\u0103 func\u021bionare a cuptorului.<\/strong><\/p>\n","protected":false},"featured_media":15646,"template":"","meta":[],"_links":{"self":[{"href":"https:\/\/evotek.md\/ro\/wp-json\/wp\/v2\/product\/14793"}],"collection":[{"href":"https:\/\/evotek.md\/ro\/wp-json\/wp\/v2\/product"}],"about":[{"href":"https:\/\/evotek.md\/ro\/wp-json\/wp\/v2\/types\/product"}],"wp:featuredmedia":[{"embeddable":true,"href":"https:\/\/evotek.md\/ro\/wp-json\/wp\/v2\/media\/15646"}],"wp:attachment":[{"href":"https:\/\/evotek.md\/ro\/wp-json\/wp\/v2\/media?parent=14793"}],"curies":[{"name":"wp","href":"https:\/\/api.w.org\/{rel}","templated":true}]}}