{"id":14783,"date":"2020-08-10T09:21:38","date_gmt":"2020-08-10T09:22:18","guid":{"rendered":"https:\/\/evotek.md\/?post_type=product&#038;p=14783"},"modified":"2022-06-27T12:26:34","modified_gmt":"2022-06-27T12:26:34","slug":"tava-de-copt-din-aluminiu-mec-450x340","status":"publish","type":"product","link":"https:\/\/evotek.md\/ro\/produse\/piese-de-schimb\/arzatoare\/tava-de-copt-din-aluminiu-mec-450x340\/","title":{"rendered":"TAV\u0102 DE COPT DIN ALUMINIU -MEC -TEG450x340"},"content":{"rendered":"<p><strong>TAV\u0102 DE COPT DIN ALUMINIU -MEC -TEG450x340- <\/strong>Tav\u0103 de copt din aluminiu acoperit\u0103 cu teflon. Tava de copt este conceput\u0103 pentru g\u0103tirea diverselor feluri de m\u00e2ncare \u00een cuptoarele cu abur, dulapuri de panifica\u021bie. V\u0103 permite s\u0103 folosi\u021bi la maxim spa\u021biul interior al echipamentului \u0219i s\u0103 g\u0103ti\u021bi simultan p\u00e2n\u0103 la c\u00e2teva zeci de bucate.<\/p>\n<p>Conductivitatea termic\u0103 ridicat\u0103 a tavei de copt \u0219i grosimea mic\u0103 a acesteia permit \u00eenc\u0103lzirea uniform\u0103 a produselor, ceea ce are un efect pozitiv asupra timpului de g\u0103tit \u0219i a calit\u0103\u021bii bucatelor finite.<\/p>\n<p>Tav\u0103 de copt din aluminiu acoperit\u0103 cu teflon, cu dimensiunile 450&#215;340 mm.<\/p>\n","protected":false},"excerpt":{"rendered":"<p>Tav\u0103 de copt din aluminiu acoperit\u0103 cu teflon, cu dimensiunile 450&#215;340 mm.<\/p>\n","protected":false},"featured_media":14781,"template":"","meta":[],"_links":{"self":[{"href":"https:\/\/evotek.md\/ro\/wp-json\/wp\/v2\/product\/14783"}],"collection":[{"href":"https:\/\/evotek.md\/ro\/wp-json\/wp\/v2\/product"}],"about":[{"href":"https:\/\/evotek.md\/ro\/wp-json\/wp\/v2\/types\/product"}],"wp:featuredmedia":[{"embeddable":true,"href":"https:\/\/evotek.md\/ro\/wp-json\/wp\/v2\/media\/14781"}],"wp:attachment":[{"href":"https:\/\/evotek.md\/ro\/wp-json\/wp\/v2\/media?parent=14783"}],"curies":[{"name":"wp","href":"https:\/\/api.w.org\/{rel}","templated":true}]}}