{"id":14773,"date":"2020-08-10T09:02:37","date_gmt":"2020-08-10T09:03:39","guid":{"rendered":"https:\/\/evotek.md\/?post_type=product&#038;p=14773"},"modified":"2023-02-21T09:19:35","modified_gmt":"2023-02-21T09:19:35","slug":"suprafata-de-prajire-neteda-mec-pe-610l","status":"publish","type":"product","link":"https:\/\/evotek.md\/ro\/produse\/echipamente-pentru-fast-food\/suprafete-de-prajire-2-oborudovanie-dlia-fast-food\/suprafata-de-prajire-neteda-mec-pe-610l\/","title":{"rendered":"SUPRAFATA DE PRAJIT ELECTRICA, NETEDA -MEC PE 610L"},"content":{"rendered":"<p><strong>SUPRAFATA DE PRAJIT ELECTRICA, NETEDA -MEC PE 610L- <\/strong>Suprafa\u021ba de pr\u0103jit este utilizat\u0103 \u00een unit\u0103\u021bile de alimenta\u021bie public\u0103 \u0219i comer\u021b pentru g\u0103tirea diferitelor tipuri de produse: carne, pe\u0219te, legume etc. Suprafa\u021ba deschis\u0103 este echipat\u0103 cu o margine anti-stropire. Datorit\u0103 \u00eenc\u0103lzirii uniforme este evitat\u0103 arderea. Modelul este echipat cu un termostat reglabil \u0219i o tav\u0103 cu picurare. Carcasa este realizat\u0103 din inox.<\/p>\n<p>Caracteristici<\/p>\n<p>Num\u0103rul zonei de \u00eenc\u0103lzire: 2<\/p>\n<p>Conexiune: 380 V<\/p>\n<p>Interval de temperatur\u0103: de la 0 la 300 \u00b0 \u0421<\/p>\n<p>Material suprafe\u021bei: inox<\/p>\n<p>Putere: 6 kW<\/p>\n<p>Parametri: 600x500x200 mm<\/p>\n<p>Greutate: 35 kg<\/p>\n<p>&nbsp;<\/p>\n<p>&nbsp;<\/p>\n","protected":false},"excerpt":{"rendered":"<p>Suprafa\u021ba de pr\u0103jire neted\u0103 cu 2 zone de \u00eenc\u0103lzire. Conexiune: 380 V; Interval de temperatur\u0103: de la 0 la 300 \u00b0 \u0421; Material suprafe\u021bei: inox; Putere: 6 kW; Parametri: 600x500x200 mm; Greutate: 35 kg.<\/p>\n","protected":false},"featured_media":14772,"template":"","meta":[],"_links":{"self":[{"href":"https:\/\/evotek.md\/ro\/wp-json\/wp\/v2\/product\/14773"}],"collection":[{"href":"https:\/\/evotek.md\/ro\/wp-json\/wp\/v2\/product"}],"about":[{"href":"https:\/\/evotek.md\/ro\/wp-json\/wp\/v2\/types\/product"}],"wp:featuredmedia":[{"embeddable":true,"href":"https:\/\/evotek.md\/ro\/wp-json\/wp\/v2\/media\/14772"}],"wp:attachment":[{"href":"https:\/\/evotek.md\/ro\/wp-json\/wp\/v2\/media?parent=14773"}],"curies":[{"name":"wp","href":"https:\/\/api.w.org\/{rel}","templated":true}]}}