{"id":14755,"date":"2020-08-06T11:47:48","date_gmt":"2020-08-06T11:49:04","guid":{"rendered":"https:\/\/evotek.md\/?post_type=product&#038;p=14755"},"modified":"2023-02-21T10:30:17","modified_gmt":"2023-02-21T10:30:17","slug":"grill-pe-gaz-pentru-gaini-crg-6c-11","status":"publish","type":"product","link":"https:\/\/evotek.md\/ro\/produse\/echipamente-pentru-fast-food\/grill-pentru-gaini-2\/grill-pe-gaz-pentru-gaini-crg-6c-11\/","title":{"rendered":"GRILL PE GAZ PENTRU PUI, CU 11 ACE -CRG 6C-11"},"content":{"rendered":"<p><strong>GRILL PE GAZ PENTRU PUI, CU 11 ACE -CRG 6C-11- <\/strong>Grill-ul apar\u021bine segmentului echipamentelor profesionale, deseori utilizate \u00een supermarketuri. Facilit\u0103\u021bi: Fiecare rezisten\u021b\u0103 este controlat\u0103 separat; Sistem de iluminare intern disponibil; Sticla temperat\u0103 utilizat\u0103 la u\u0219i este rezistent\u0103 la c\u0103ldur\u0103; Ace \u0219i m\u00e2nere din sticl\u0103 bachelit\u0103 \u0219i rezistente la c\u0103ldur\u0103; Grill-ul este lini\u0219tit, u\u0219or de folosit, de cur\u0103\u021bat \u0219i \u00eentre\u021binut.<\/p>\n<p>Caracteristici<\/p>\n<p>Dimensiuni (LxAx\u00ce): 1300x700x2020 mm<\/p>\n<p>Ace: 11<\/p>\n<p>Capacitate: 24-30 g\u0103ini<\/p>\n<p>Consum: 2,94 m\u00b3 \/ or\u0103<\/p>\n<p>Putere: 28,20 kW<\/p>\n<p>Greutate: 200 kg<\/p>\n<p>&nbsp;<\/p>\n","protected":false},"excerpt":{"rendered":"<p>Grill pe gaz pentru g\u0103ini cu 11 ace, cu sertare. Dimensiuni (LxAx\u00ce): 1300x700x2020 mm; Capacitate: 24-30 g\u0103ini; Consum: 2,94 m\u00b3 \/ or\u0103; Putere: 28,20 kW; Greutate: 200 kg.<\/p>\n","protected":false},"featured_media":14754,"template":"","meta":[],"_links":{"self":[{"href":"https:\/\/evotek.md\/ro\/wp-json\/wp\/v2\/product\/14755"}],"collection":[{"href":"https:\/\/evotek.md\/ro\/wp-json\/wp\/v2\/product"}],"about":[{"href":"https:\/\/evotek.md\/ro\/wp-json\/wp\/v2\/types\/product"}],"wp:featuredmedia":[{"embeddable":true,"href":"https:\/\/evotek.md\/ro\/wp-json\/wp\/v2\/media\/14754"}],"wp:attachment":[{"href":"https:\/\/evotek.md\/ro\/wp-json\/wp\/v2\/media?parent=14755"}],"curies":[{"name":"wp","href":"https:\/\/api.w.org\/{rel}","templated":true}]}}