{"id":14729,"date":"2020-08-06T09:19:11","date_gmt":"2020-08-06T09:19:53","guid":{"rendered":"https:\/\/evotek.md\/?post_type=product&#038;p=14729"},"modified":"2023-02-21T10:32:37","modified_gmt":"2023-02-21T10:32:37","slug":"grill-pe-gaz-pentru-gaini-crg2","status":"publish","type":"product","link":"https:\/\/evotek.md\/ro\/produse\/echipamente-pentru-fast-food\/grill-pentru-gaini-2\/grill-pe-gaz-pentru-gaini-crg2\/","title":{"rendered":"GRILL PE GAZ PENTRU PUI, CU 2 ACE -CRG2"},"content":{"rendered":"<p><strong>GRILL PE GAZ PENTRU PUI, CU 2 ACE -CRG2- <\/strong>Grill-ul apar\u021bine segmentului echipamentelor profesionale, deseori utilizate \u00een supermarketuri. Facilit\u0103\u021bi: Fiecare rezisten\u021b\u0103 este controlat\u0103 separat; Sistem de iluminare intern disponibil; Sticla temperat\u0103 utilizat\u0103 la u\u0219i este rezistent\u0103 la c\u0103ldur\u0103; Ace \u0219i m\u00e2nere din sticl\u0103 bachelit\u0103 \u0219i rezistente la c\u0103ldur\u0103; Grill-ul este lini\u0219tit, u\u0219or de folosit, de cur\u0103\u021bat \u0219i \u00eentre\u021binut.<\/p>\n<p>Caracteristici<\/p>\n<p>Dimensiuni (LxAx\u00ce): 1150x472x605 mm<\/p>\n<p>Ace: 2<\/p>\n<p>Capacitate: 8-10 g\u0103ini<\/p>\n<p>Consum: 0,98 m\u00b3 \/ or\u0103<\/p>\n<p>Putere: 9,40 kW<\/p>\n<p>Greutate: 70 kg<\/p>\n<p>&nbsp;<\/p>\n<p>&nbsp;<\/p>\n<p>&nbsp;<\/p>\n","protected":false},"excerpt":{"rendered":"<p>Grill pe gaz pentru g\u0103ini cu dou\u0103 ace. Dimensiuni (LxAx\u00ce): 1150x472x605 mm; Ace: 2; Capacitate: 8-10 g\u0103ini; Consum: 0,98 m\u00b3 \/ or\u0103; Putere: 9,40 kW; Greutate: 70 kg.<\/p>\n","protected":false},"featured_media":14759,"template":"","meta":[],"_links":{"self":[{"href":"https:\/\/evotek.md\/ro\/wp-json\/wp\/v2\/product\/14729"}],"collection":[{"href":"https:\/\/evotek.md\/ro\/wp-json\/wp\/v2\/product"}],"about":[{"href":"https:\/\/evotek.md\/ro\/wp-json\/wp\/v2\/types\/product"}],"wp:featuredmedia":[{"embeddable":true,"href":"https:\/\/evotek.md\/ro\/wp-json\/wp\/v2\/media\/14759"}],"wp:attachment":[{"href":"https:\/\/evotek.md\/ro\/wp-json\/wp\/v2\/media?parent=14729"}],"curies":[{"name":"wp","href":"https:\/\/api.w.org\/{rel}","templated":true}]}}