{"id":14700,"date":"2020-08-06T08:49:39","date_gmt":"2020-08-06T08:50:44","guid":{"rendered":"https:\/\/evotek.md\/?post_type=product&#038;p=14700"},"modified":"2023-02-21T10:36:56","modified_gmt":"2023-02-21T10:36:56","slug":"grill-electric-pentru-gaini-cre3","status":"publish","type":"product","link":"https:\/\/evotek.md\/ro\/produse\/echipamente-pentru-fast-food\/grill-pentru-gaini-2\/grill-electric-pentru-gaini-cre3\/","title":{"rendered":"GRILL ELECTRIC PENTRU PUI, 3 ACE -CRE3"},"content":{"rendered":"<p><strong>GRILL ELECTRIC PENTRU PUI, 3 ACE -CRE3- <\/strong>Grill-ul apar\u021bine segmentului echipamentelor profesionale, deseori utilizate \u00een supermarketuri. Facilit\u0103\u021bi: Fiecare rezisten\u021b\u0103 este controlat\u0103 separat; Sistem de iluminare intern disponibil; Sticla temperat\u0103 utilizat\u0103 la u\u0219i este rezistent\u0103 la c\u0103ldur\u0103; Ace \u0219i m\u00e2nere din sticl\u0103 bachelit\u0103 \u0219i rezistente la c\u0103ldur\u0103; Grill-ul este lini\u0219tit, u\u0219or de folosit, de cur\u0103\u021bat \u0219i \u00eentre\u021binut.<\/p>\n<p>Caracteristici<\/p>\n<p>Dimensiuni (LxAx\u00ce): 1150x472x793 mm<\/p>\n<p>Ace: 3<\/p>\n<p>Capacitate: 12-15 g\u0103ini<\/p>\n<p>Putere: 9 kW<\/p>\n<p>Tensiune: 400V \/ 50Hz<\/p>\n<p>Greutate: 80 kg<\/p>\n<p>&nbsp;<\/p>\n<p>&nbsp;<\/p>\n","protected":false},"excerpt":{"rendered":"<p>Grill electric pentru g\u0103ini cu trei ace. Dimensiuni (LxAx\u00ce): 1150x472x793 mm; Capacitate: 12-15 g\u0103ini; Putere: 9 kW; Tensiune: 400V \/ 50Hz; Greutate: 80 kg<\/p>\n","protected":false},"featured_media":14699,"template":"","meta":[],"_links":{"self":[{"href":"https:\/\/evotek.md\/ro\/wp-json\/wp\/v2\/product\/14700"}],"collection":[{"href":"https:\/\/evotek.md\/ro\/wp-json\/wp\/v2\/product"}],"about":[{"href":"https:\/\/evotek.md\/ro\/wp-json\/wp\/v2\/types\/product"}],"wp:featuredmedia":[{"embeddable":true,"href":"https:\/\/evotek.md\/ro\/wp-json\/wp\/v2\/media\/14699"}],"wp:attachment":[{"href":"https:\/\/evotek.md\/ro\/wp-json\/wp\/v2\/media?parent=14700"}],"curies":[{"name":"wp","href":"https:\/\/api.w.org\/{rel}","templated":true}]}}