{"id":14648,"date":"2020-08-04T11:13:21","date_gmt":"2020-08-04T11:13:21","guid":{"rendered":"https:\/\/evotek.md\/?post_type=product&#038;p=14648"},"modified":"2020-08-04T11:13:21","modified_gmt":"2020-08-04T11:13:21","slug":"dulap-congelator-361-l-st-880401","status":"publish","type":"product","link":"https:\/\/evotek.md\/ro\/produse\/echipamente-frigorifice\/dulap-frigorific-congelare\/dulap-congelator-361-l-st-880401\/","title":{"rendered":"DULAP CONGELATOR 361 l -ST-880401"},"content":{"rendered":"<p><strong>DULAP CONGELATOR 361 l -ST-880401- <\/strong>Congelatoarele sunt concepute pentru depozitarea produselor congelate care au nevoie de depozitare pe termen lung la temperaturi sub zero. Congelatoarele sunt utilizate \u00een magazinele alimentare, restaurante \u0219i alte \u00eentreprinderi de alimenta\u021bie public\u0103. Carcasa este realizat\u0103 din o\u021bel alb acoperit cu pulbere, c\u0103ptu\u0219it\u0103 \u00een ABS. Unitate silen\u021bioas\u0103, r\u0103cire static\u0103, 3 rafturi congelatoare, decongelare manual\u0103, unitate de control electronic cu afi\u0219are de temperatur\u0103, blocare cu cheie \u00eencorporat\u0103.<\/p>\n<p>Caracteristici<\/p>\n<p>3 rafturi 480&#215;410 mm<\/p>\n<p>Consumul de energie: 894 kWh \/ an<\/p>\n<p>Volumul: 361 l<\/p>\n<p>Tensiune: 230V<\/p>\n<p>Putere: 0,15kw<\/p>\n<p>Dimensiuni generale: 600x600x1850 mm<\/p>\n<p>Interval de temperatur\u0103: -10 &#8230;- 18 \u00b0 \u0421<\/p>\n<p>&nbsp;<\/p>\n","protected":false},"excerpt":{"rendered":"<p>Dulap congelator cu o u\u0219\u0103, cu un volum de 361 litri. 3 rafturi 480&#215;410 mm; Consumul de energie: 894 kWh \/ an; Volum: 361 l; Tensiune: 230V; Putere: 0,15 kw; Dimensiuni generale: 600x600x1850 mm; Interval de temperatur\u0103: -10 &#8230;- 18 \u00b0 \u0421.<\/p>\n","protected":false},"featured_media":14644,"template":"","meta":[],"_links":{"self":[{"href":"https:\/\/evotek.md\/ro\/wp-json\/wp\/v2\/product\/14648"}],"collection":[{"href":"https:\/\/evotek.md\/ro\/wp-json\/wp\/v2\/product"}],"about":[{"href":"https:\/\/evotek.md\/ro\/wp-json\/wp\/v2\/types\/product"}],"wp:featuredmedia":[{"embeddable":true,"href":"https:\/\/evotek.md\/ro\/wp-json\/wp\/v2\/media\/14644"}],"wp:attachment":[{"href":"https:\/\/evotek.md\/ro\/wp-json\/wp\/v2\/media?parent=14648"}],"curies":[{"name":"wp","href":"https:\/\/api.w.org\/{rel}","templated":true}]}}