{"id":14645,"date":"2020-08-04T10:59:39","date_gmt":"2020-08-04T10:59:39","guid":{"rendered":"https:\/\/evotek.md\/?post_type=product&#038;p=14645"},"modified":"2020-08-04T10:59:39","modified_gmt":"2020-08-04T10:59:39","slug":"dulap-frigorific-361-l-st-880400","status":"publish","type":"product","link":"https:\/\/evotek.md\/ro\/produse\/echipamente-frigorifice\/dulapuri-frigorifice\/dulap-frigorific-361-l-st-880400\/","title":{"rendered":"DULAP FRIGORIFIC 361 l -ST-880400"},"content":{"rendered":"<p><strong>DULAP FRIGORIFIC 361 l -ST-880400- <\/strong>Dulapurile frigorifice sunt concepute pentru depozitarea alimentelor \u0219i a produselor semifabricate. Corpul este confec\u021bionat din tabl\u0103 de o\u021bel alb acoperit cu pulbere, c\u0103ptu\u0219it \u00een ABS. Unitate silen\u021bioas\u0103, circula\u021bie for\u021bat\u0103 a aerului \u00een compartimentul frigiderului, evaporare automat\u0103 a condensului, decongelare automat\u0103, unitate de control electronic cu afi\u0219are de temperatur\u0103, blocare cu cheie \u00eencorporat\u0103.<\/p>\n<p>Caracteristici<\/p>\n<p>3 rafturi cu dimensiunea: 502&#215;440 mm<\/p>\n<p>Consumul de energie: 478 kWh \/ an<\/p>\n<p>Volumul: 361 l<\/p>\n<p>Tensiune: 230V<\/p>\n<p>Putere: 0,13kw<\/p>\n<p>Dimensiuni generale: 600x600x1850 mm<\/p>\n<p>Interval de temperatur\u0103: 0 &#8230; + 8 \u00b0 \u0421<\/p>\n<p>&nbsp;<\/p>\n","protected":false},"excerpt":{"rendered":"<p>Dulap frigorific cu o u\u0219\u0103, cu un volum de 361 litri. 3 rafturi de 502&#215;440 mm; Consumul de energie: 478 kWh \/ an; Volum: 361 l; Tensiune: 230V; Putere: 0,13 kw; Dimensiuni generale: 600x600x1850 mm; Interval de temperatur\u0103: 0 &#8230; + 8 \u00b0 \u0421.<\/p>\n","protected":false},"featured_media":14644,"template":"","meta":[],"_links":{"self":[{"href":"https:\/\/evotek.md\/ro\/wp-json\/wp\/v2\/product\/14645"}],"collection":[{"href":"https:\/\/evotek.md\/ro\/wp-json\/wp\/v2\/product"}],"about":[{"href":"https:\/\/evotek.md\/ro\/wp-json\/wp\/v2\/types\/product"}],"wp:featuredmedia":[{"embeddable":true,"href":"https:\/\/evotek.md\/ro\/wp-json\/wp\/v2\/media\/14644"}],"wp:attachment":[{"href":"https:\/\/evotek.md\/ro\/wp-json\/wp\/v2\/media?parent=14645"}],"curies":[{"name":"wp","href":"https:\/\/api.w.org\/{rel}","templated":true}]}}