{"id":14637,"date":"2020-08-04T10:38:14","date_gmt":"2020-08-04T10:38:14","guid":{"rendered":"https:\/\/evotek.md\/?post_type=product&#038;p=14637"},"modified":"2020-08-04T10:38:14","modified_gmt":"2020-08-04T10:38:14","slug":"dulap-frigorific-620-l-st-880600","status":"publish","type":"product","link":"https:\/\/evotek.md\/ro\/produse\/echipamente-frigorifice\/dulapuri-frigorifice\/dulap-frigorific-620-l-st-880600\/","title":{"rendered":"DULAP FRIGORIFIC 620 l -ST-880600"},"content":{"rendered":"<p><strong>DULAP FRIGORIFIC 620 l -ST-880600- <\/strong>Dulapurile frigorifice sunt concepute pentru depozitarea alimentelor \u0219i a produselor semifabricate. Corpul este confec\u021bionat din tabl\u0103 de o\u021bel alb acoperit cu pulbere, c\u0103ptu\u0219it \u00een ABS. Unitate silen\u021bioas\u0103, circula\u021bie for\u021bat\u0103 a aerului \u00een compartimentul frigiderului, evaporare automat\u0103 a condensului, decongelare automat\u0103, unitate de control electronic cu afi\u0219are de temperatur\u0103, blocare cu cheie \u00eencorporat\u0103.<\/p>\n<p>Caracteristici<\/p>\n<p>3 rafturi 652&#215;530 mm<\/p>\n<p>Capacitate de \u00eenc\u0103rcare a raftului p\u00e2n\u0103 la 8 kg<\/p>\n<p>Consumul de energie: 672 kWh \/ an<\/p>\n<p>Volumul: 620 l<\/p>\n<p>Tensiune: 230V<\/p>\n<p>Putere: 0,13kw<\/p>\n<p>Dimensiuni generale: 775x695x1900 mm<\/p>\n<p>Interval de temperatur\u0103: 0 &#8230; + 8 \u00b0 \u0421<\/p>\n<p>&nbsp;<\/p>\n","protected":false},"excerpt":{"rendered":"<p>Dulap frigorific cu o u\u0219\u0103, cu un volum de 620 litri. 3 rafturi de 652&#215;530 mm; Capacitate de \u00eenc\u0103rcare a raftului p\u00e2n\u0103 la 8 kg; Consumul de energie: 672 kWh \/ an; Tensiune: 230V; Putere: 0,13 kw; Dimensiuni generale: 775x695x1900 mm; Interval de temperatur\u0103: 0 &#8230; + 8 \u00b0 \u0421.<\/p>\n","protected":false},"featured_media":14635,"template":"","meta":[],"_links":{"self":[{"href":"https:\/\/evotek.md\/ro\/wp-json\/wp\/v2\/product\/14637"}],"collection":[{"href":"https:\/\/evotek.md\/ro\/wp-json\/wp\/v2\/product"}],"about":[{"href":"https:\/\/evotek.md\/ro\/wp-json\/wp\/v2\/types\/product"}],"wp:featuredmedia":[{"embeddable":true,"href":"https:\/\/evotek.md\/ro\/wp-json\/wp\/v2\/media\/14635"}],"wp:attachment":[{"href":"https:\/\/evotek.md\/ro\/wp-json\/wp\/v2\/media?parent=14637"}],"curies":[{"name":"wp","href":"https:\/\/api.w.org\/{rel}","templated":true}]}}