{"id":1463,"date":"2020-02-07T08:42:59","date_gmt":"2020-02-07T08:47:20","guid":{"rendered":"https:\/\/evotek.md\/?post_type=product&#038;p=1463"},"modified":"2023-02-27T14:52:57","modified_gmt":"2023-02-27T14:52:57","slug":"masina-de-spalat-vase-de-tip-cupola","status":"publish","type":"product","link":"https:\/\/evotek.md\/ro\/produse\/utilaje-pentru-spalare-vase\/masina-de-spalat-vase-de-tip-cupola\/masina-de-spalat-vase-de-tip-cupola\/","title":{"rendered":"MASINA DE SPALAT VASE, CUPOLA (380 V) -EMP.1000"},"content":{"rendered":"<p><strong>MASINA DE SPALAT VASE, CUPOLA (380 V) -EMP.1000- <\/strong>Echipamentul este o alegere excelent\u0103 pentru restaurante, baruri, cafenele, unde pute\u021bi sp\u0103la un num\u0103r mare de vesel\u0103, mai exact ma\u0219ina de sp\u0103lat vase este capabil\u0103 s\u0103 spele p\u00e2n\u0103 la 1000 de farfurii pe or\u0103. Dispozitivul permite ajustarea \u00een\u0103l\u021bimii picioarelor. Este echipat cu senzor de siguran\u021b\u0103 pentru u\u0219a magnetic\u0103. Dup\u0103 \u00eenchiderea u\u0219ii, programul continu\u0103 s\u0103 func\u021bioneze de unde s-a oprit;<\/p>\n<p>Sp\u0103larea complet\u0103 \u0219i automat\u0103 are loc la o temperatur\u0103 de 55\u00b0C, func\u021bia de cl\u0103tire cu ap\u0103 cald\u0103 are loc la o temperatur\u0103 de 80\u00b0-85\u00b0 C. Programe 60\u00b0-90\u00b0-120\u00b0-180\u00b0 C pe secund\u0103;<\/p>\n<p>Puterea motorului: 0,55 kW, 2800 rpm; Puterea ma\u0219inii: 9,5 kW, 380 V; Puterea unui rezervor de \u00eenc\u0103lzire: 2,8 kW; Puterea rezervorului de cl\u0103tire: 6 kW; Control termostat. (Temperatura de sp\u0103lare 60\u00b0); Consumul de ap\u0103: 2,3 l \/ timp; Carcasa \u0219i elementul de \u00eenc\u0103lzire este din o\u021bel inoxidabil.<\/p>\n<p><strong>*Pentru a beneficia de garan\u021bie este obligatoriu de a fi instalat filtru DVA pentru acest echipament.<\/strong><\/p>\n<p>Caracteristici<\/p>\n<p>Productivitate 70-60 co\u0219uri pe or\u0103. Un co\u0219 de 16-14 farfurii.<br \/>\nProductivitate, bucat\u0103 (farfuri)\/or\u0103: 1000<br \/>\nDimensiunea cosului in care se pun vase: 500&#215;500 mm.<br \/>\nNum\u0103r de programe: 4<br \/>\nCicl de sp\u0103lare: 1 \/ 1,5 \/ 2\/3 <span style=\"font-size: 14.4px\">min<\/span><br \/>\nConsumul de ap\u0103 per 1 ciclu, l.: 2.5.<br \/>\nDispozitiv de cl\u0103tire \u0219i detergent: da<br \/>\nDimensiuni: 696x765x1485 mm<br \/>\nPutere: 9,5 kW<br \/>\nTensiune: 380 V<br \/>\nGreutate: 120 kg<\/p>\n","protected":false},"excerpt":{"rendered":"<p>Ma\u0219in\u0103 de sp\u0103lat vase tip cupol\u0103 cu o capacitate de 70-60 co\u0219uri pe or\u0103. Productivitate, bucat\u0103 (farfuri)\/or\u0103: 1000; Un co\u0219 de 16-14 farfurii. Dimensiunea cosului in care se pun vase: 500&#215;500 mm; Consumul de ap\u0103: 2,3 litri\/ciclu. Voltaj: 380 V. Putere: 9,5 kW. Dimensiuni: 696x765x1485 mm.<\/p>\n<p><strong>*Recomand\u0103m instalarea adi\u021bional\u0103 a unui filtru DVA pentru o bun\u0103 func\u021bionare a ma\u0219inii de sp\u0103lat.<\/strong><\/p>\n","protected":false},"featured_media":1462,"template":"","meta":[],"_links":{"self":[{"href":"https:\/\/evotek.md\/ro\/wp-json\/wp\/v2\/product\/1463"}],"collection":[{"href":"https:\/\/evotek.md\/ro\/wp-json\/wp\/v2\/product"}],"about":[{"href":"https:\/\/evotek.md\/ro\/wp-json\/wp\/v2\/types\/product"}],"wp:featuredmedia":[{"embeddable":true,"href":"https:\/\/evotek.md\/ro\/wp-json\/wp\/v2\/media\/1462"}],"wp:attachment":[{"href":"https:\/\/evotek.md\/ro\/wp-json\/wp\/v2\/media?parent=1463"}],"curies":[{"name":"wp","href":"https:\/\/api.w.org\/{rel}","templated":true}]}}