{"id":14629,"date":"2020-08-04T10:12:57","date_gmt":"2020-08-04T10:12:57","guid":{"rendered":"https:\/\/evotek.md\/?post_type=product&#038;p=14629"},"modified":"2020-08-04T10:12:57","modified_gmt":"2020-08-04T10:12:57","slug":"grill-cu-abur-st-9733000","status":"publish","type":"product","link":"https:\/\/evotek.md\/ro\/produse\/echipamente-pentru-fast-food\/grill-cu-abur\/grill-cu-abur-st-9733000\/","title":{"rendered":"GRILL CU ABUR -ST-9733000"},"content":{"rendered":"<p><strong>GRILL CU ABUR<\/strong> <strong>-ST-9733000- <\/strong>Acest grill pe abur face m\u00e2ncarea mai suculent\u0103 \u0219i mai fraged\u0103. Curentul de lichid \u0219i condensat este scurs \u00eentr-un recipient special. Facilit\u0103\u021bi: Cur\u0103\u021bare u\u0219oar\u0103 cu func\u021bie de auto-cur\u0103\u021bare. Include un r\u0103zuitor special pentru cur\u0103\u021bare. Design modern \u0219i m\u00e2nere ergonomice. Panouri frontale cu gravur\u0103 laser. Indicatori de lucru \u0219i putere. Fabricat din inox. Termostat reglabil pentru controlul temperaturii. Plasa special\u0103 integrat\u0103 cu elementul de \u00eenc\u0103lzire. Se \u00eenc\u0103lze\u0219te rapid.<\/p>\n<p>Caracteristici<\/p>\n<p>Dimensiuni generale: 800\u0445700\u0445250 mm<\/p>\n<p>Tensiune: 400 V<\/p>\n<p>Putere: 8,2 kW<\/p>\n<p>&nbsp;<\/p>\n","protected":false},"excerpt":{"rendered":"<p>Grill cu abur. Dimensiuni generale: 800\u0445700\u0445250 mm; Tensiune: 400 V; Putere: 8,2 kW.<\/p>\n","protected":false},"featured_media":14628,"template":"","meta":[],"_links":{"self":[{"href":"https:\/\/evotek.md\/ro\/wp-json\/wp\/v2\/product\/14629"}],"collection":[{"href":"https:\/\/evotek.md\/ro\/wp-json\/wp\/v2\/product"}],"about":[{"href":"https:\/\/evotek.md\/ro\/wp-json\/wp\/v2\/types\/product"}],"wp:featuredmedia":[{"embeddable":true,"href":"https:\/\/evotek.md\/ro\/wp-json\/wp\/v2\/media\/14628"}],"wp:attachment":[{"href":"https:\/\/evotek.md\/ro\/wp-json\/wp\/v2\/media?parent=14629"}],"curies":[{"name":"wp","href":"https:\/\/api.w.org\/{rel}","templated":true}]}}