{"id":1458,"date":"2020-02-07T08:28:01","date_gmt":"2020-02-07T08:34:16","guid":{"rendered":"https:\/\/evotek.md\/?post_type=product&#038;p=1458"},"modified":"2023-04-20T07:56:44","modified_gmt":"2023-04-20T07:56:44","slug":"masina-de-spalat-pahare","status":"publish","type":"product","link":"https:\/\/evotek.md\/ro\/produse\/utilaje-pentru-spalare-vase\/masina-de-spalat-pahare\/masina-de-spalat-pahare\/","title":{"rendered":"MASINA DE SPALAT PAHARE FRONTALA -EMP.1100"},"content":{"rendered":"<p><strong>MASINA DE SPALAT PAHARE FRONTALA -EMP 1100 &#8211;<\/strong> Aceast\u0103 ma\u0219in\u0103 este capabil\u0103 s\u0103 spele p\u00e2n\u0103 la 1000 de pahare pe or\u0103. Echipamentul este o alegere excelent\u0103 pentru restaurante, baruri, cafenele, unde pute\u021bi sp\u0103la un num\u0103r mare de pahare \u0219i c\u0103ni.<\/p>\n<p><strong>*Pentru a beneficia de garan\u021bie este obligatoriu de a fi instalat filtru DVA pentru acest echipament.<\/strong><\/p>\n<p>Caracteristici<\/p>\n<p>Pomp\u0103 de lustruit: Standard; Pomp\u0103 de scurgere: Standard;<\/p>\n<p>Putere: 3,5 kW; Durata programului 2 minute; Sistem de operare: 24 V;<\/p>\n<p>Dimensiune co\u0219 400&#215;400 mm. Cl\u0103tire la rece (v\u0103 permite s\u0103 scoate\u021bi paharele reci).<\/p>\n<p>&nbsp;<\/p>\n<p>&nbsp;<\/p>\n<p>&nbsp;<\/p>\n","protected":false},"excerpt":{"rendered":"<p>Ma\u0219in\u0103 profesional\u0103 de sp\u0103lat pahare cu o capacitate de 1000 pahare\/or\u0103. Voltaj: 220 V. Putere: 3,5 kW. Dimensiuni: 480x580x720 mm. Dimensiune co\u0219: 400&#215;400 mm. Greutate net\u0103: 41 kg.<\/p>\n<p><strong>*Recomand\u0103m instalarea adi\u021bional\u0103 a unui filtru DVA pentru o bun\u0103 func\u021bionare a ma\u0219inii de sp\u0103lat.<\/strong><\/p>\n","protected":false},"featured_media":1457,"template":"","meta":[],"_links":{"self":[{"href":"https:\/\/evotek.md\/ro\/wp-json\/wp\/v2\/product\/1458"}],"collection":[{"href":"https:\/\/evotek.md\/ro\/wp-json\/wp\/v2\/product"}],"about":[{"href":"https:\/\/evotek.md\/ro\/wp-json\/wp\/v2\/types\/product"}],"wp:featuredmedia":[{"embeddable":true,"href":"https:\/\/evotek.md\/ro\/wp-json\/wp\/v2\/media\/1457"}],"wp:attachment":[{"href":"https:\/\/evotek.md\/ro\/wp-json\/wp\/v2\/media?parent=1458"}],"curies":[{"name":"wp","href":"https:\/\/api.w.org\/{rel}","templated":true}]}}