{"id":14577,"date":"2020-07-31T11:57:44","date_gmt":"2020-07-31T11:57:44","guid":{"rendered":"https:\/\/evotek.md\/?post_type=product&#038;p=14577"},"modified":"2020-07-31T11:57:44","modified_gmt":"2020-07-31T11:57:44","slug":"stand-pentru-echipamente-700-emp-7ts030-k","status":"publish","type":"product","link":"https:\/\/evotek.md\/ro\/produse\/standuri-pentru-echipamente\/standuri-pentru-echipamente-seria-600-empero\/stand-pentru-echipamente-700-emp-7ts030-k\/","title":{"rendered":"STAND PENTRU ECHIPAMENTE 700 -EMP.7TS030-K"},"content":{"rendered":"<p><strong>STAND PENTRU ECHIPAMENTE<\/strong> <strong>7<\/strong><strong>00<\/strong> <strong>&#8211;<\/strong><strong>EMP.7TS030-K- <\/strong>Suporturile din inox apar\u021bin mobilierului de buc\u0103t\u0103rie func\u021bional pentru o buc\u0103t\u0103rie profesional\u0103. Suporturile pentru echipamentele de buc\u0103t\u0103rie v\u0103 permit s\u0103 lucra\u021bi la echipamentul principal f\u0103r\u0103 \u00eentrerupere.<\/p>\n<p>Cu ajutorul standurilor, pute\u021bi nivela \u00een\u0103l\u021bimea echipamentului \u00een conformitate cu recomand\u0103rile produc\u0103torului. Standurile sunt realizate din inox- o alegere convenabil\u0103, deoarece pot fi folosite pentru o perioad\u0103 lung\u0103 de timp. Standurile moderne sunt func\u021bionale, ergonomice \u0219i practice.<\/p>\n<p>Caracteristici<\/p>\n<p>Dimensiuni: 1200\u0445680\u0445565 mm<\/p>\n<p>Greutate: 38 kg<\/p>\n<p>&nbsp;<\/p>\n","protected":false},"excerpt":{"rendered":"<p>Suport pentru echipamente f\u0103r\u0103 u\u0219\u0103. Dimensiuni: 1200\u0445680\u0445565 mm; Greutate net\u0103: 38 kg.<\/p>\n","protected":false},"featured_media":14576,"template":"","meta":[],"_links":{"self":[{"href":"https:\/\/evotek.md\/ro\/wp-json\/wp\/v2\/product\/14577"}],"collection":[{"href":"https:\/\/evotek.md\/ro\/wp-json\/wp\/v2\/product"}],"about":[{"href":"https:\/\/evotek.md\/ro\/wp-json\/wp\/v2\/types\/product"}],"wp:featuredmedia":[{"embeddable":true,"href":"https:\/\/evotek.md\/ro\/wp-json\/wp\/v2\/media\/14576"}],"wp:attachment":[{"href":"https:\/\/evotek.md\/ro\/wp-json\/wp\/v2\/media?parent=14577"}],"curies":[{"name":"wp","href":"https:\/\/api.w.org\/{rel}","templated":true}]}}