{"id":14480,"date":"2020-07-22T11:41:27","date_gmt":"2020-07-22T11:41:27","guid":{"rendered":"https:\/\/evotek.md\/?post_type=product&#038;p=14480"},"modified":"2020-07-22T11:41:27","modified_gmt":"2020-07-22T11:41:27","slug":"stand-pentru-echipamente-600-ds6060","status":"publish","type":"product","link":"https:\/\/evotek.md\/ro\/produse\/standuri-pentru-echipamente\/standuri-pentru-echipamente-seria-600-kalitegaz\/stand-pentru-echipamente-600-ds6060\/","title":{"rendered":"STAND PENTRU ECHIPAMENTE 600 -DS6060"},"content":{"rendered":"<p><strong>STAND PENTRU ECHIPAMENTE<\/strong> <strong>600 -DS6060<\/strong><strong>&#8211; <\/strong>Suporturile din inox apar\u021bin mobilierului de buc\u0103t\u0103rie func\u021bional pentru o buc\u0103t\u0103rie profesional\u0103. Suporturile pentru echipamentele de buc\u0103t\u0103rie v\u0103 permit s\u0103 lucra\u021bi la echipamentul principal f\u0103r\u0103 \u00eentrerupere.<\/p>\n<p>Cu ajutorul standurilor, pute\u021bi nivela \u00een\u0103l\u021bimea echipamentului \u00een conformitate cu recomand\u0103rile produc\u0103torului. Standurile sunt realizate din inox- o alegere convenabil\u0103, deoarece pot fi folosite pentru o perioad\u0103 lung\u0103 de timp. Standurile moderne sunt func\u021bionale, ergonomice \u0219i practice.<\/p>\n<p>Caracteristici<\/p>\n<p>Dimensiuni: 60\u044560\u044561 cm<\/p>\n<p>Greutate: 27 kg<\/p>\n<p>&nbsp;<\/p>\n","protected":false},"excerpt":{"rendered":"<p>Suport pentru echipamente cu dou\u0103 sertare. Dimensiuni: 60\u044560\u044561 cm; Greutate net\u0103: 27 kg.<\/p>\n","protected":false},"featured_media":14479,"template":"","meta":[],"_links":{"self":[{"href":"https:\/\/evotek.md\/ro\/wp-json\/wp\/v2\/product\/14480"}],"collection":[{"href":"https:\/\/evotek.md\/ro\/wp-json\/wp\/v2\/product"}],"about":[{"href":"https:\/\/evotek.md\/ro\/wp-json\/wp\/v2\/types\/product"}],"wp:featuredmedia":[{"embeddable":true,"href":"https:\/\/evotek.md\/ro\/wp-json\/wp\/v2\/media\/14479"}],"wp:attachment":[{"href":"https:\/\/evotek.md\/ro\/wp-json\/wp\/v2\/media?parent=14480"}],"curies":[{"name":"wp","href":"https:\/\/api.w.org\/{rel}","templated":true}]}}