{"id":14397,"date":"2020-07-21T08:07:18","date_gmt":"2020-07-21T08:07:18","guid":{"rendered":"https:\/\/evotek.md\/?post_type=product&#038;p=14397"},"modified":"2020-07-21T08:07:18","modified_gmt":"2020-07-21T08:07:18","slug":"mixer-manual-pentru-carne-cu-ax-dublu-30-l-m-09368000","status":"publish","type":"product","link":"https:\/\/evotek.md\/ro\/produse\/echipamente-electromecanice\/mixer-pentru-carne\/mixer-manual-pentru-carne-cu-ax-dublu-30-l-m-09368000\/","title":{"rendered":"MIXER MANUAL PENTRU CARNE CU AX DUBLU 30 l -M-09368000"},"content":{"rendered":"<p><strong>MIXER MANUAL PENTRU CARNE CU AX DUBLU <\/strong><strong>3<\/strong><strong>0 l -M-09368000- <\/strong>este un mixer manual\/ ma\u0219in\u0103 de tocat carne cu ax dublu, cu carcasa din inox, lame \u0219i capac. Axa dubl\u0103 face ca acest mixer manual de carne s\u0103 fie \u0219i mai eficient. Dispozitiv de \u00eencredere pentru utilizare profesional\u0103. Ideal pentru amestecarea c\u0103rnii cu ierburi. Facilit\u0103\u021bi: Lama \u0219i m\u00e2nerul de amestec sunt u\u0219or deta\u0219abile; Mixerul se poate roti \u00een dou\u0103 direc\u021bii; Echipat cu rulmen\u021bi sigili; Func\u021bioneaz\u0103 lin \u0219i se amestec\u0103 bine.<\/p>\n<p>Caracteristici<\/p>\n<p>Capacitate: maxim 22,5 kg simultan<\/p>\n<p>Volumul: maxim 30 litri<\/p>\n<p>Greutate net\u0103: 15 kg<\/p>\n<p>Dimensiuni: 455\u0445385\u0445355 mm<\/p>\n<p>&nbsp;<\/p>\n","protected":false},"excerpt":{"rendered":"<p>Mixer manual pentru carne la \u00a030 litri. Capacitate: maxim 22,5 kg simultan; Greutate net\u0103: 15 kg; Dimensiuni: 455\u0445385\u0445355 mm.<\/p>\n","protected":false},"featured_media":14386,"template":"","meta":[],"_links":{"self":[{"href":"https:\/\/evotek.md\/ro\/wp-json\/wp\/v2\/product\/14397"}],"collection":[{"href":"https:\/\/evotek.md\/ro\/wp-json\/wp\/v2\/product"}],"about":[{"href":"https:\/\/evotek.md\/ro\/wp-json\/wp\/v2\/types\/product"}],"wp:featuredmedia":[{"embeddable":true,"href":"https:\/\/evotek.md\/ro\/wp-json\/wp\/v2\/media\/14386"}],"wp:attachment":[{"href":"https:\/\/evotek.md\/ro\/wp-json\/wp\/v2\/media?parent=14397"}],"curies":[{"name":"wp","href":"https:\/\/api.w.org\/{rel}","templated":true}]}}