{"id":14310,"date":"2020-07-20T13:37:28","date_gmt":"2020-07-20T13:38:26","guid":{"rendered":"https:\/\/evotek.md\/?post_type=product&#038;p=14310"},"modified":"2023-02-03T15:15:26","modified_gmt":"2023-02-03T15:15:26","slug":"masina-de-intins-aluat-m-08900025","status":"publish","type":"product","link":"https:\/\/evotek.md\/ro\/produse\/echipamente-electromecanice\/masina-pentru-indindere-aluat\/masina-de-intins-aluat-m-08900025\/","title":{"rendered":"MASINA DE INTINS ALUAT UN RULOU 45 cm -M-08900025"},"content":{"rendered":"<p><strong>MASINA DE INTINS ALUAT UN RULOU 45 cm -M-08900025- <\/strong>Ma\u0219ina de \u00eentins aluat se folose\u0219te \u00een unit\u0103\u021bile de alimenta\u021bie public\u0103, \u00een brut\u0103rii \u0219i cofet\u0103rii, pentru rularea aluatului \u0219i pentru formarea buc\u0103\u021bilor de aluat concepute pentru fabricarea pizzei, pr\u0103jituri \u0219i produse de panifica\u021bie. Facilit\u0103\u021bi: Echipat cu un \u0219tift rulant; Conducere robust\u0103 \u0219i puternic\u0103; Echipat cu 1 vitez\u0103; Carcas\u0103 din inox; Cu \u00eentrerup\u0103tor de siguran\u021b\u0103; Buton de alimentare separat; 2 picioare din inox.<\/p>\n<p>Caracteristici<\/p>\n<p>Greutatea maxim\u0103 a aluatului: 210-700 grame<\/p>\n<p>Diametrul pizzei: 26-45 cm<\/p>\n<p>Diametru\/ grosime reglabil\u0103: p\u00e2n\u0103 la 4,0 mm<\/p>\n<p>Greutate net\u0103: 27 kg<\/p>\n<p>Dimensiuni: 650\u0445345\u0445430 mm<\/p>\n<p>Conexiune: 230 V\/ 50 Hz\/ 250 W, 1 faz\u0103<\/p>\n<p>&nbsp;<\/p>\n","protected":false},"excerpt":{"rendered":"<p>Ma\u0219in\u0103 profesional\u0103 pentru rulare aluatului. Greutatea maxim\u0103 a aluatului: 210-700 grame; Diametrul pizzei: 26-45 cm; Diametru\/ grosime reglabil\u0103: p\u00e2n\u0103 la 4,0 mm; Greutate net\u0103: 27 kg; Dimensiuni: 650\u0445345\u0445430 mm; Conexiune: 230 V\/ 50 Hz\/ 250 W, 1 faz\u0103.<\/p>\n","protected":false},"featured_media":14303,"template":"","meta":[],"_links":{"self":[{"href":"https:\/\/evotek.md\/ro\/wp-json\/wp\/v2\/product\/14310"}],"collection":[{"href":"https:\/\/evotek.md\/ro\/wp-json\/wp\/v2\/product"}],"about":[{"href":"https:\/\/evotek.md\/ro\/wp-json\/wp\/v2\/types\/product"}],"wp:featuredmedia":[{"embeddable":true,"href":"https:\/\/evotek.md\/ro\/wp-json\/wp\/v2\/media\/14303"}],"wp:attachment":[{"href":"https:\/\/evotek.md\/ro\/wp-json\/wp\/v2\/media?parent=14310"}],"curies":[{"name":"wp","href":"https:\/\/api.w.org\/{rel}","templated":true}]}}